{"id":48856,"date":"2023-02-02T15:30:18","date_gmt":"2023-02-02T14:30:18","guid":{"rendered":"https:\/\/www.seegerundkollegen.de\/cms\/?page_id=48856"},"modified":"2023-03-01T17:29:01","modified_gmt":"2023-03-01T16:29:01","slug":"unser-buero-neu","status":"publish","type":"page","link":"https:\/\/www.seegerundkollegen.de\/cms\/unser-buero-neu\/","title":{"rendered":"Unser B\u00fcro&nbsp;<span class=\"caps\">NEU<\/span>"},"content":{"rendered":"<p>[et_\u200bpb_\u200bsection fb_built=\u201c1\u2033 fullwidth=\u201con\u201c admin_label=\u201cPage Header\u201c _builder_version=\u201c4.19.5\u2033 background_image=\u201chttps:\/\/www.seegerundkollegen.de\/cms\/wp-content\/uploads\/2018\/03\/stempel_vermessungsingenieur_seeger_blaurock_frankfurt.jpg\u201c parallax=\u201con\u201c animation_direction=\u201ctop\u201c global_colors_info=\u201c{}\u201c][et_pb_fullwidth_header title=\u201cUnser B\u00fcro <span class=\"caps\">NEU<\/span>\u201c text_orientation=\u201ccenter\u201c admin_label=\u201cHero Section\u201c _builder_version=\u201c4.19.5\u2033 title_font=\u201c|700|||||||\u201c title_font_size=\u201c50px\u201c title_line_height=\u201c1.4em\u201c content_font_size=\u201c22px\u201c content_line_height=\u201c1.8em\u201c subhead_\u200bfont=\u201c||||\u201c background_color=\u201crgba(255, 255, 255, 0)\u201c use_background_color_gradient=\u201con\u201c background_color_gradient_stops=\u201crgba(58,52,226,0.93) 0%|rgba(73,108,220,0.7) 100%\u201c background_color_gradient_start=\u201crgba(58,52,226,0.93)\u201c background_color_gradient_end=\u201crgba(73,108,220,0.7)\u201c background_size=\u201cinitial\u201c background_position=\u201ctop_left\u201c background_repeat=\u201crepeat\u201c custom_button_one=\u201con\u201c button_one_text_size=\u201c16px\u201c button_one_bg_color=\u201c#6eba01\u2033 button_one_border_color=\u201c#6eba01\u2033 button_one_border_radius=\u201c0\u2033 button_one_letter_spacing=\u201c2\u2033 button_one_font=\u201cMontserrat|||on|\u201c button_one_use_icon=\u201coff\u201c custom_button_two=\u201con\u201c button_two_text_size=\u201c16px\u201c button_two_border_color=\u201c#ffffff\u201c button_two_border_radius=\u201c0\u2033 button_two_letter_spacing=\u201c2\u2033 button_two_font=\u201cMontserrat|||on|\u201c button_two_use_icon=\u201coff\u201c module_alignment=\u201cleft\u201c animation_style=\u201cfade\u201c title_font_size_tablet=\u201c40px\u201c title_font_size_phone=\u201c30px\u201c title_font_size_last_edited=\u201con|phone\u201c title_text_shadow_style=\u201cpreset2\u2033 button_one_text_color_hover=\u201c#6eba01\u2033 button_two_text_color_hover=\u201c#6eba01\u2033 button_one_border_color_hover=\u201c#ffffff\u201c button_two_border_color_hover=\u201c#ffffff\u201c button_one_border_radius_hover=\u201c0\u2033 button_two_border_radius_hover=\u201c0\u2033 button_one_letter_spacing_hover=\u201c2\u2033 button_two_letter_spacing_hover=\u201c2\u2033 button_one_bg_color_hover=\u201c#ffffff\u201c button_two_bg_color_hover=\u201c#ffffff\u201c global_\u200bcolors_\u200binfo=\u201c{}\u201c button_one_text_size__hover_enabled=\u201coff\u201c button_two_text_size__hover_enabled=\u201coff\u201c button_one_text_color__hover_enabled=\u201con\u201c button_one_text_color__hover=\u201c#6eba01\u2033 button_two_text_color__hover_enabled=\u201con\u201c button_two_text_color__hover=\u201c#6eba01\u2033 button_one_border_width__hover_enabled=\u201coff\u201c button_two_border_width__hover_enabled=\u201coff\u201c button_one_border_color__hover_enabled=\u201con\u201c button_one_border_color__hover=\u201c#ffffff\u201c button_two_border_color__hover_enabled=\u201con\u201c button_two_border_color__hover=\u201c#ffffff\u201c button_one_border_radius__hover_enabled=\u201con\u201c button_one_border_radius__hover=\u201c0\u2033 button_two_border_radius__hover_enabled=\u201con\u201c button_two_border_radius__hover=\u201c0\u2033 button_one_letter_spacing__hover_enabled=\u201con\u201c button_one_letter_spacing__hover=\u201c2\u2033 button_two_letter_spacing__hover_enabled=\u201con\u201c button_two_letter_spacing__hover=\u201c2\u2033 button_one_bg_color__hover_enabled=\u201con\u201c button_one_bg_color__hover=\u201c#ffffff\u201c button_two_bg_color__hover_enabled=\u201con\u201c button_two_bg_color__hover=\u201c#ffffff\u201c][\/et_pb_fullwidth_header][\/et_pb_section][et_pb_section fb_built=\u201c1\u2033 _builder_version=\u201c4.16\u2033 global_colors_info=\u201c{}\u201c][et_pb_row column_structure=\u201c1_3,2_3\u2033 _builder_version=\u201c4.16\u2033 background_size=\u201cinitial\u201c background_position=\u201ctop_left\u201c background_repeat=\u201crepeat\u201c global_colors_info=\u201c{}\u201c][et_pb_column type=\u201c1_3\u2033 _builder_version=\u201c4.16\u2033 custom_\u200bpadding=\u201c|||\u201c global_\u200bcolors_\u200binfo=\u201c{}\u201c custom_padding__hover=\u201c|||\u201c][et_pb_sidebar area=\u201cet_pb_widget_area_6\u2033 _builder_version=\u201c4.19.5\u2033 global_colors_info=\u201c{}\u201c]&nbsp;<br>\n[\/et_pb_sidebar][\/et_pb_column][et_pb_column type=\u201c2_3\u2033 _builder_version=\u201c4.16\u2033 custom_\u200bpadding=\u201c|||\u201c global_\u200bcolors_\u200binfo=\u201c{}\u201c custom_padding__hover=\u201c|||\u201c][et_pb_text _builder_version=\u201c4.19.5\u2033 hover_enabled=\u201c0\u2033 global_\u200bcolors_\u200binfo=\u201c{}\u201c sticky_enabled=\u201c0\u2033]<\/p>\n<p>Unser Vermes\u00adsungs\u00adb\u00fcro in Frank\u00adfurt am Main ist eine Arbeits\u00adge\u00admein\u00adschaft gem\u00e4\u00df \u00a7 4 (2) des Hessi\u00adschen Gesetzes \u00fcber die <strong>\u00d6ffent\u00adlich bestellten Vermes\u00adsungs\u00adin\u00adge\u00adnieure<\/strong>.Neben allge\u00admeinen Infor\u00adma\u00adtionen zu unserem B\u00fcro erhalten Sie auf dieser Website einen Einblick in <strong>unser umfas\u00adsendes <a href=\"https:\/\/www.seegerundkollegen.de\/cms\/blog\/was-wir-leisten-koennen\/\">Leistungs\u00adan\u00adgebot<\/a><\/strong> und Infor\u00adma\u00adtionen zu wichtigen Themen im Vermessungswesen.<\/p>\n<p>Als <a href=\"https:\/\/www.seegerundkollegen.de\/cms\/blog\/der-oeffentlich-bestellte-vermessungsingenieur-oebvi\/\">\u00d6ffent\u00adlich bestellte Vermes\u00adsungs\u00adin\u00adge\u00adnieure (\u00d6bVI)<\/a> und Beratende Ingenieure erbringen wir Leistungen in allen Berei\u00adchen der Vermes\u00adsung: <a href=\"https:\/\/www.seegerundkollegen.de\/cms\/leistungen\/grundstuecksvermessung-katastervermessung-leistungen-vermessungsbuero\/\">Grund\u00adst\u00fccks\u00adver\u00admes\u00adsung<\/a>, Katas\u00adter\u00adver\u00admes\u00adsung, Boden\u00adord\u00adnung,&nbsp;<a href=\"https:\/\/www.seegerundkollegen.de\/cms\/leistungen\/entwurfs-bauvermessung-leistungen-vermessungsbuero\/\">Entwurfs\u00adver\u00admes\u00adsung<\/a>, Planungs\u00adgrund\u00adlagen, Liegen\u00adschafts\u00adplan (ehem. Lageplan zum Bauan\u00adtrag), Abstands\u00adfl\u00e4\u00adchen\u00adpl\u00e4ne,&nbsp;<a href=\"https:\/\/www.seegerundkollegen.de\/cms\/leistungen\/entwurfs-bauvermessung-leistungen-vermessungsbuero\/\">Bauver\u00admes\u00adsungen<\/a>,&nbsp;<a href=\"https:\/\/www.seegerundkollegen.de\/cms\/leistungen\/ingenieurvermessung-leistungen-vermessungsbuero\/\">Ingenieur\u00adver\u00admes\u00adsungen<\/a>, Geoin\u00adfor\u00adma\u00adtion, Beweis\u00adsi\u00adche\u00adrungs\u00admes\u00adsungen,&nbsp;<a href=\"https:\/\/www.seegerundkollegen.de\/cms\/leistungen\/mietflaechenermittlung-leistungen-vermessungsbuero\/\">Mietfl\u00e4\u00adchen\u00ader\u00admitt\u00adlungen<\/a>, Gutach\u00adter\u00adliche T\u00e4tig\u00adkeit, Sachver\u00adst\u00e4n\u00addi\u00adgen\u00adt\u00e4\u00adtig\u00adkeit und nat\u00fcr\u00adlich auch L\u00f6sungen f\u00fcr indivi\u00addu\u00adelle Aufgabenstellungen.<\/p>\n<p>Zudem ist Dipl.-Ing. Dirk Blaurock <a href=\"https:\/\/www.seegerundkollegen.de\/cms\/blog\/gebaeudeabsteckung-leistungen-vermessungsbuero\/\">Pr\u00fcfsach\u00adver\u00adst\u00e4n\u00addiger f\u00fcr Vermes\u00adsungs\u00adwesen<\/a> und&nbsp;<a href=\"https:\/\/www.seegerundkollegen.de\/cms\/blog\/unsere-besondere-qualifikation-mietflaechenermittlung-vermessungsbuero\/\">Sachver\u00adst\u00e4n\u00addiger gif MF-G-Richt\u00ad\u00adlinie<\/a>&nbsp;und damit Experte f\u00fcr die Defini\u00adtionen von Mietfl\u00e4che nach&nbsp;gif.<\/p>\n<div class=\"et_post_gallery\">\n<ul class=\"et_post_gallery_center clearfix\">\n<li class=\"et_gallery_item et_pb_gallery_image\"><a title=\"Entwurfsvermessung, Bestandserfassung\" href=\"https:\/\/www.seegerundkollegen.de\/pics\/3.jpg\"><br><span class=\"et_portfolio_image\"><br><img loading=\"lazy\" decoding=\"async\" class=\"wplightbox alignnone\" title=\"Entwurfsvermessung, Bestandserfassung\" src=\"https:\/\/www.seegerundkollegen.de\/pics\/3_sm.jpg\" alt=\"Entwurfsvermessung, Bestandserfassung\" width=\"100\" height=\"100\" border=\"0\"><br><\/span><br><\/a><\/li>\n<li class=\"et_gallery_item et_pb_gallery_image\"><a title=\"\u00d6bVI - \u00d6ffentlich bestellter Vermessungsingenieur, Grundst\u00fccksvermessung\" href=\"https:\/\/www.seegerundkollegen.de\/pics\/4.jpg\"><br><span class=\"et_portfolio_image\"><br><img loading=\"lazy\" decoding=\"async\" class=\"thumb5 alignnone\" title=\"\u00d6bVI - \u00d6ffentlich bestellter Vermessungsingenieur, Grundst\u00fccksvermessung\" src=\"https:\/\/www.seegerundkollegen.de\/pics\/4_sm.jpg\" alt=\"\u00d6bVI - \u00d6ffentlich bestellter Vermessungsingenieur, Grundst\u00fccksvermessung\" width=\"100\" height=\"100\" border=\"0\"><br><\/span><br><\/a><\/li>\n<li class=\"et_gallery_item et_pb_gallery_image\"><a title=\"Vermessungsb\u00fcro Frankfurt am Main, Rhein-Main-Gebiet\" href=\"https:\/\/www.seegerundkollegen.de\/pics\/5.jpg\"><br><span class=\"et_portfolio_image\"><br><img loading=\"lazy\" decoding=\"async\" class=\"thumb5 alignnone\" title=\"Vermessungsb\u00fcro Frankfurt am Main, Rhein-Main-Gebiet\" src=\"https:\/\/www.seegerundkollegen.de\/pics\/5_sm.jpg\" alt=\"Vermessungsb\u00fcro Frankfurt am Main, Rhein-Main-Gebiet\" width=\"100\" height=\"100\" border=\"0\"><br><\/span><br><\/a><\/li>\n<li class=\"et_gallery_item et_pb_gallery_image\"><a title=\"Ingenieurvermessung, Objektvermessung\" href=\"https:\/\/www.seegerundkollegen.de\/pics\/2.jpg\"><br><span class=\"et_portfolio_image\"><br><img loading=\"lazy\" decoding=\"async\" class=\"thumb5 alignnone\" title=\"Ingenieurvermessung, Objektvermessung\" src=\"https:\/\/www.seegerundkollegen.de\/pics\/2_sm.jpg\" alt=\"Ingenieurvermessung, Objektvermessung\" width=\"100\" height=\"100\" border=\"0\"><br><\/span><br><\/a><\/li>\n<li class=\"et_gallery_item et_pb_gallery_image\"><a title=\"Bauvermessung, Baustellenvermessung\" href=\"https:\/\/www.seegerundkollegen.de\/pics\/1.jpg\"><br><span class=\"et_portfolio_image\"><br><img loading=\"lazy\" decoding=\"async\" class=\"thumb5 alignnone\" title=\"Bauvermessung, Baustellenvermessung\" src=\"https:\/\/www.seegerundkollegen.de\/pics\/1_sm.jpg\" alt=\"Bauvermessung, Baustellenvermessung\" width=\"100\" height=\"100\" border=\"0\"><br><\/span><br><\/a><\/li>\n<\/ul>\n<\/div>\n<p>Haupt\u00adein\u00adsatz\u00adge\u00adbiet unserer Vermes\u00adsungs\u00adtrupps (Vermes\u00adsungs\u00adin\u00adge\u00adnieure, Vermes\u00adsungs\u00adtech\u00adniker) ist das Rhein-Main-Gebiet mit den St\u00e4dten Frank\u00adfurt, Offen\u00adbach, Darmstadt, Wiesbaden und den umlie\u00adgenden Landkreisen Main-Taunus-Kreis (z. B. Bad Soden, Eschborn, Hatters\u00adheim, Hofheim, Lieder\u00adbach, Kelkheim, Kriftel), Hochtau\u00adnus\u00adkreis (z. B. Bad Homburg, Glash\u00fctten, K\u00f6nig\u00adstein, Kronberg, Oberursel, Schmitten, Stein\u00adbach), Kreis Offen\u00adbach (z. B. Dreieich, Langen, Neu-Isenburg), Kreis Gro\u00df-Gerau, Kreis Darmstadt und Kreis Darmstadt-Dieburg. Wie unsere <a href=\"https:\/\/www.seegerundkollegen.de\/cms\/referenzen-vermessung-rhein-main-vermessungsbuero\/\">Referenzen<\/a> belegen, erbringen wir unsere Leistungen als \u00f6ffent\u00adlich bestellte Vermes\u00adsungs\u00adin\u00adge\u00adnieure auch in allen anderen Teilen von Hessen, nicht-hohei\u00adt\u00ad\u00adliche Vermes\u00adsungs\u00adleis\u00adtungen auch au\u00dferhalb.<\/p>\n<p>Als beson\u00adderen Service bieten wir zu den Kernbe\u00adrei\u00adchen unserer T\u00e4tig\u00adkeit auch ausf\u00fchr\u00adliche Infor\u00adma\u00adtionen an. Beson\u00adders wichtige Themen\u00adbe\u00adreiche k\u00f6nnen Sie auch \u00fcber eigene Domains direkt erreichen:<\/p>\n<p align=\"center\"><span class=\"dquo\">\u00bb<\/span>&nbsp;<a href=\"http:\/\/www.xn--mietflchenermittlung-gzb.de\/\" target=\"_blank\" rel=\"noopener noreferrer\">www.mietfl\u00e4chenermittlung.de<\/a>&nbsp;&nbsp;oder&nbsp; \u00bb&nbsp;<a href=\"http:\/\/www.mietflaechenermittlung.de\/\" target=\"_blank\" rel=\"noopener noreferrer\">www\u200b.mietflae\u200bchen\u200ber\u200bmitt\u200blung\u200b.de<\/a><\/p>\n<p align=\"center\"><span class=\"dquo\">\u00bb<\/span>&nbsp;<a href=\"http:\/\/www.katastervermessung-hessen.de\/\" target=\"_blank\" rel=\"noopener noreferrer\">www\u200b.katas\u200bter\u200bver\u200bmes\u200bsung\u200b-hessen\u200b.de<\/a><\/p>\n<p>Die Arbeits\u00adge\u00admein\u00adschaft der \u00d6ffent\u00adlich bestellten Vermes\u00adsungs\u00adin\u00adge\u00adnieure Rolf Seeger, Dirk Blaurock, Dr. Klaus Hilbert und Richard Mehlhorn wird nach dem Eintritt der beiden Senioren in den Ruhestand ab 2007 von Herrn Rolf Seeger und Herrn Dirk Blaurock fortgef\u00fchrt.<\/p>\n<p><a href=\"https:\/\/www.seegerundkollegen.de\/cms\/wp-content\/uploads\/2018\/03\/baustelle_vermessung_seeger_blaurock_frankfurt_main.jpg\"><img loading=\"lazy\" decoding=\"async\" class=\"et-lb-content-1 alignnone wp-image-47019 size-thumbnail\" src=\"https:\/\/www.seegerundkollegen.de\/cms\/wp-content\/uploads\/2018\/03\/baustelle_vermessung_seeger_blaurock_frankfurt_main-150x150.jpg\" alt width=\"150\" height=\"150\"><\/a><\/p>\n<p>[\/et_pb_text][et_pb_divider show_divider=\u201coff\u201c _builder_version=\u201c4.16\u2033 height=\u201c42px\u201c global_colors_info=\u201c{}\u201c][\/et_pb_divider][et_pb_blog posts_number=\u201c20\u2033 include_categories=\u201c6\u2033 meta_date=\u201cd. F&nbsp;Y\u201c show_more=\u201con\u201c show_author=\u201coff\u201c show_date=\u201coff\u201c show_categories=\u201coff\u201c show_pagination=\u201coff\u201c use_overlay=\u201con\u201c overlay_icon_color=\u201c#4e5ed0\u2033 hover_icon=\u201c\ue005||divi||400\u2033 _builder_version=\u201c4.19.5\u2033 pagination_font_size_tablet=\u201c51\u2033 pagination_line_height_tablet=\u201c2\u2033 global_colors_info=\u201c{}\u201c]&nbsp;<br>\n[\/et_pb_blog][\/et_pb_column][\/et_pb_row][\/et_pb_section]<\/p>\n","protected":false},"excerpt":{"rendered":"<p>&nbsp; Unser Vermes\u00adsungs\u00adb\u00fcro in Frank\u00adfurt am Main ist eine Arbeits\u00adge\u00admein\u00adschaft gem\u00e4\u00df \u00a7 4 (2) des Hessi\u00adschen Gesetzes \u00fcber die \u00d6ffent\u00adlich bestellten Vermes\u00adsungs\u00adin\u00adge\u00adnieure.Neben allge\u00admeinen Infor\u00adma\u00adtionen zu unserem B\u00fcro erhalten Sie auf dieser Website einen Einblick in unser umfas\u00adsendes Leistungs\u00adan\u00adgebot und Infor\u00adma\u00adtionen zu wichtigen Themen im Vermes\u00adsungs\u00adwesen. Als \u00d6ffent\u00adlich bestellte Vermes\u00adsungs\u00adin\u00adge\u00adnieure (\u00d6bVI) und Beratende Ingenieure erbringen&nbsp;wir&nbsp;[\u2026]<\/p>\n","protected":false},"author":1,"featured_media":0,"parent":0,"menu_order":0,"comment_status":"closed","ping_status":"closed","template":"","meta":{"_et_pb_use_builder":"on","_et_pb_old_content":"","_et_gb_content_width":"","wp_typography_post_enhancements_disabled":false,"footnotes":""},"class_list":["post-48856","page","type-page","status-publish","hentry"],"yoast_head":"<!-- This site is optimized with the Yoast SEO plugin v27.0 - https:\/\/yoast.com\/product\/yoast-seo-wordpress\/ -->\n<title>Unser B\u00fcro NEU - Vermessungsb\u00fcro Seeger und Kollegen<\/title>\n<meta name=\"robots\" content=\"index, follow, max-snippet:-1, max-image-preview:large, max-video-preview:-1\" \/>\n<link rel=\"canonical\" href=\"https:\/\/www.seegerundkollegen.de\/cms\/unser-buero-neu\/\" \/>\n<meta property=\"og:locale\" content=\"de_DE\" \/>\n<meta property=\"og:type\" content=\"article\" \/>\n<meta property=\"og:title\" content=\"Unser B\u00fcro NEU - Vermessungsb\u00fcro Seeger und Kollegen\" \/>\n<meta property=\"og:description\" content=\"&nbsp; Unser Vermes\u00adsungs\u00adb\u00fcro in Frank\u00adfurt am Main ist eine Arbeits\u00adge\u00admein\u00adschaft gem\u00e4\u00df \u00a7 4 (2) des Hessi\u00adschen Gesetzes \u00fcber die \u00d6ffent\u00adlich bestellten Vermes\u00adsungs\u00adin\u00adge\u00adnieure.Neben allge\u00admeinen Infor\u00adma\u00adtionen zu unserem B\u00fcro erhalten Sie auf dieser Website einen Einblick in unser umfas\u00adsendes Leistungs\u00adan\u00adgebot und Infor\u00adma\u00adtionen zu wichtigen Themen im Vermessungswesen. Als \u00d6ffent\u00adlich bestellte Vermes\u00adsungs\u00adin\u00adge\u00adnieure (\u00d6bVI) und Beratende Ingenieure erbringen wir [&hellip;]\" \/>\n<meta property=\"og:url\" content=\"https:\/\/www.seegerundkollegen.de\/cms\/unser-buero-neu\/\" \/>\n<meta property=\"og:site_name\" content=\"Vermessungsb\u00fcro Seeger und Kollegen\" \/>\n<meta property=\"article:modified_time\" content=\"2023-03-01T16:29:01+00:00\" \/>\n<meta property=\"og:image\" content=\"https:\/\/www.seegerundkollegen.de\/pics\/3_sm.jpg\" \/>\n<meta name=\"twitter:card\" content=\"summary_large_image\" \/>\n<meta name=\"twitter:label1\" content=\"Gesch\u00e4tzte Lesezeit\" \/>\n\t<meta name=\"twitter:data1\" content=\"4\u00a0Minuten\" \/>\n<script type=\"application\/ld+json\" class=\"yoast-schema-graph\">{\"@context\":\"https:\/\/schema.org\",\"@graph\":[{\"@type\":\"WebPage\",\"@id\":\"https:\/\/www.seegerundkollegen.de\/cms\/unser-buero-neu\/\",\"url\":\"https:\/\/www.seegerundkollegen.de\/cms\/unser-buero-neu\/\",\"name\":\"Unser B\u00fcro NEU - Vermessungsb\u00fcro Seeger und Kollegen\",\"isPartOf\":{\"@id\":\"https:\/\/www.seegerundkollegen.de\/cms\/#website\"},\"primaryImageOfPage\":{\"@id\":\"https:\/\/www.seegerundkollegen.de\/cms\/unser-buero-neu\/#primaryimage\"},\"image\":{\"@id\":\"https:\/\/www.seegerundkollegen.de\/cms\/unser-buero-neu\/#primaryimage\"},\"thumbnailUrl\":\"https:\/\/www.seegerundkollegen.de\/pics\/3_sm.jpg\",\"datePublished\":\"2023-02-02T14:30:18+00:00\",\"dateModified\":\"2023-03-01T16:29:01+00:00\",\"breadcrumb\":{\"@id\":\"https:\/\/www.seegerundkollegen.de\/cms\/unser-buero-neu\/#breadcrumb\"},\"inLanguage\":\"de\",\"potentialAction\":[{\"@type\":\"ReadAction\",\"target\":[\"https:\/\/www.seegerundkollegen.de\/cms\/unser-buero-neu\/\"]}]},{\"@type\":\"ImageObject\",\"inLanguage\":\"de\",\"@id\":\"https:\/\/www.seegerundkollegen.de\/cms\/unser-buero-neu\/#primaryimage\",\"url\":\"https:\/\/www.seegerundkollegen.de\/pics\/3_sm.jpg\",\"contentUrl\":\"https:\/\/www.seegerundkollegen.de\/pics\/3_sm.jpg\"},{\"@type\":\"BreadcrumbList\",\"@id\":\"https:\/\/www.seegerundkollegen.de\/cms\/unser-buero-neu\/#breadcrumb\",\"itemListElement\":[{\"@type\":\"ListItem\",\"position\":1,\"name\":\"Startseite\",\"item\":\"https:\/\/www.seegerundkollegen.de\/cms\/\"},{\"@type\":\"ListItem\",\"position\":2,\"name\":\"Unser B\u00fcro NEU\"}]},{\"@type\":\"WebSite\",\"@id\":\"https:\/\/www.seegerundkollegen.de\/cms\/#website\",\"url\":\"https:\/\/www.seegerundkollegen.de\/cms\/\",\"name\":\"Vermessungsb\u00fcro Seeger und Kollegen\",\"description\":\"\u00d6ffentlich bestellte Vermessungsingenieure, Beratende Ingenieure\",\"publisher\":{\"@id\":\"https:\/\/www.seegerundkollegen.de\/cms\/#organization\"},\"potentialAction\":[{\"@type\":\"SearchAction\",\"target\":{\"@type\":\"EntryPoint\",\"urlTemplate\":\"https:\/\/www.seegerundkollegen.de\/cms\/?s={search_term_string}\"},\"query-input\":{\"@type\":\"PropertyValueSpecification\",\"valueRequired\":true,\"valueName\":\"search_term_string\"}}],\"inLanguage\":\"de\"},{\"@type\":\"Organization\",\"@id\":\"https:\/\/www.seegerundkollegen.de\/cms\/#organization\",\"name\":\"Vermessungsb\u00fcro Seeger und Kollegen\",\"url\":\"https:\/\/www.seegerundkollegen.de\/cms\/\",\"logo\":{\"@type\":\"ImageObject\",\"inLanguage\":\"de\",\"@id\":\"https:\/\/www.seegerundkollegen.de\/cms\/#\/schema\/logo\/image\/\",\"url\":\"https:\/\/www.seegerundkollegen.de\/cms\/wp-content\/uploads\/2018\/01\/suk_logo4divi_draft2.png\",\"contentUrl\":\"https:\/\/www.seegerundkollegen.de\/cms\/wp-content\/uploads\/2018\/01\/suk_logo4divi_draft2.png\",\"width\":320,\"height\":90,\"caption\":\"Vermessungsb\u00fcro Seeger und Kollegen\"},\"image\":{\"@id\":\"https:\/\/www.seegerundkollegen.de\/cms\/#\/schema\/logo\/image\/\"}}]}<\/script>\n<!-- \/ Yoast SEO plugin. -->","yoast_head_json":{"title":"Unser B\u00fcro NEU - Vermessungsb\u00fcro Seeger und Kollegen","robots":{"index":"index","follow":"follow","max-snippet":"max-snippet:-1","max-image-preview":"max-image-preview:large","max-video-preview":"max-video-preview:-1"},"canonical":"https:\/\/www.seegerundkollegen.de\/cms\/unser-buero-neu\/","og_locale":"de_DE","og_type":"article","og_title":"Unser B\u00fcro NEU - Vermessungsb\u00fcro Seeger und Kollegen","og_description":"&nbsp; Unser Vermes\u00adsungs\u00adb\u00fcro in Frank\u00adfurt am Main ist eine Arbeits\u00adge\u00admein\u00adschaft gem\u00e4\u00df \u00a7 4 (2) des Hessi\u00adschen Gesetzes \u00fcber die \u00d6ffent\u00adlich bestellten Vermes\u00adsungs\u00adin\u00adge\u00adnieure.Neben allge\u00admeinen Infor\u00adma\u00adtionen zu unserem B\u00fcro erhalten Sie auf dieser Website einen Einblick in unser umfas\u00adsendes Leistungs\u00adan\u00adgebot und Infor\u00adma\u00adtionen zu wichtigen Themen im Vermessungswesen. Als \u00d6ffent\u00adlich bestellte Vermes\u00adsungs\u00adin\u00adge\u00adnieure (\u00d6bVI) und Beratende Ingenieure erbringen wir [&hellip;]","og_url":"https:\/\/www.seegerundkollegen.de\/cms\/unser-buero-neu\/","og_site_name":"Vermessungsb\u00fcro Seeger und Kollegen","article_modified_time":"2023-03-01T16:29:01+00:00","og_image":[{"url":"https:\/\/www.seegerundkollegen.de\/pics\/3_sm.jpg","type":"","width":"","height":""}],"twitter_card":"summary_large_image","twitter_misc":{"Gesch\u00e4tzte Lesezeit":"4\u00a0Minuten"},"schema":{"@context":"https:\/\/schema.org","@graph":[{"@type":"WebPage","@id":"https:\/\/www.seegerundkollegen.de\/cms\/unser-buero-neu\/","url":"https:\/\/www.seegerundkollegen.de\/cms\/unser-buero-neu\/","name":"Unser B\u00fcro NEU - Vermessungsb\u00fcro Seeger und Kollegen","isPartOf":{"@id":"https:\/\/www.seegerundkollegen.de\/cms\/#website"},"primaryImageOfPage":{"@id":"https:\/\/www.seegerundkollegen.de\/cms\/unser-buero-neu\/#primaryimage"},"image":{"@id":"https:\/\/www.seegerundkollegen.de\/cms\/unser-buero-neu\/#primaryimage"},"thumbnailUrl":"https:\/\/www.seegerundkollegen.de\/pics\/3_sm.jpg","datePublished":"2023-02-02T14:30:18+00:00","dateModified":"2023-03-01T16:29:01+00:00","breadcrumb":{"@id":"https:\/\/www.seegerundkollegen.de\/cms\/unser-buero-neu\/#breadcrumb"},"inLanguage":"de","potentialAction":[{"@type":"ReadAction","target":["https:\/\/www.seegerundkollegen.de\/cms\/unser-buero-neu\/"]}]},{"@type":"ImageObject","inLanguage":"de","@id":"https:\/\/www.seegerundkollegen.de\/cms\/unser-buero-neu\/#primaryimage","url":"https:\/\/www.seegerundkollegen.de\/pics\/3_sm.jpg","contentUrl":"https:\/\/www.seegerundkollegen.de\/pics\/3_sm.jpg"},{"@type":"BreadcrumbList","@id":"https:\/\/www.seegerundkollegen.de\/cms\/unser-buero-neu\/#breadcrumb","itemListElement":[{"@type":"ListItem","position":1,"name":"Startseite","item":"https:\/\/www.seegerundkollegen.de\/cms\/"},{"@type":"ListItem","position":2,"name":"Unser B\u00fcro NEU"}]},{"@type":"WebSite","@id":"https:\/\/www.seegerundkollegen.de\/cms\/#website","url":"https:\/\/www.seegerundkollegen.de\/cms\/","name":"Vermessungsb\u00fcro Seeger und Kollegen","description":"\u00d6ffentlich bestellte Vermessungsingenieure, Beratende Ingenieure","publisher":{"@id":"https:\/\/www.seegerundkollegen.de\/cms\/#organization"},"potentialAction":[{"@type":"SearchAction","target":{"@type":"EntryPoint","urlTemplate":"https:\/\/www.seegerundkollegen.de\/cms\/?s={search_term_string}"},"query-input":{"@type":"PropertyValueSpecification","valueRequired":true,"valueName":"search_term_string"}}],"inLanguage":"de"},{"@type":"Organization","@id":"https:\/\/www.seegerundkollegen.de\/cms\/#organization","name":"Vermessungsb\u00fcro Seeger und Kollegen","url":"https:\/\/www.seegerundkollegen.de\/cms\/","logo":{"@type":"ImageObject","inLanguage":"de","@id":"https:\/\/www.seegerundkollegen.de\/cms\/#\/schema\/logo\/image\/","url":"https:\/\/www.seegerundkollegen.de\/cms\/wp-content\/uploads\/2018\/01\/suk_logo4divi_draft2.png","contentUrl":"https:\/\/www.seegerundkollegen.de\/cms\/wp-content\/uploads\/2018\/01\/suk_logo4divi_draft2.png","width":320,"height":90,"caption":"Vermessungsb\u00fcro Seeger und Kollegen"},"image":{"@id":"https:\/\/www.seegerundkollegen.de\/cms\/#\/schema\/logo\/image\/"}}]}},"_links":{"self":[{"href":"https:\/\/www.seegerundkollegen.de\/cms\/wp-json\/wp\/v2\/pages\/48856","targetHints":{"allow":["GET"]}}],"collection":[{"href":"https:\/\/www.seegerundkollegen.de\/cms\/wp-json\/wp\/v2\/pages"}],"about":[{"href":"https:\/\/www.seegerundkollegen.de\/cms\/wp-json\/wp\/v2\/types\/page"}],"author":[{"embeddable":true,"href":"https:\/\/www.seegerundkollegen.de\/cms\/wp-json\/wp\/v2\/users\/1"}],"replies":[{"embeddable":true,"href":"https:\/\/www.seegerundkollegen.de\/cms\/wp-json\/wp\/v2\/comments?post=48856"}],"version-history":[{"count":12,"href":"https:\/\/www.seegerundkollegen.de\/cms\/wp-json\/wp\/v2\/pages\/48856\/revisions"}],"predecessor-version":[{"id":48916,"href":"https:\/\/www.seegerundkollegen.de\/cms\/wp-json\/wp\/v2\/pages\/48856\/revisions\/48916"}],"wp:attachment":[{"href":"https:\/\/www.seegerundkollegen.de\/cms\/wp-json\/wp\/v2\/media?parent=48856"}],"curies":[{"name":"wp","href":"https:\/\/api.w.org\/{rel}","templated":true}]}}