{"id":47190,"date":"2018-08-01T16:21:23","date_gmt":"2018-08-01T14:21:23","guid":{"rendered":"http:\/\/www.seegerundkollegen.de\/cms\/?page_id=47190"},"modified":"2019-12-31T14:55:08","modified_gmt":"2019-12-31T13:55:08","slug":"referenzen-vermessung-rhein-main-vermessungsbuero","status":"publish","type":"page","link":"https:\/\/www.seegerundkollegen.de\/cms\/referenzen-vermessung-rhein-main-vermessungsbuero\/","title":{"rendered":"Referenzen"},"content":{"rendered":"<p>[et_\u200bpb_\u200bsection fb_built=\u201c1\u2033 fullwidth=\u201con\u201c admin_label=\u201cPage Header\u201c _builder_version=\u201c3.22\u2033 background_image=\u201chttps:\/\/www.seegerundkollegen.de\/cms\/wp-content\/uploads\/2018\/08\/panorama_frankfurt_referenzen_vermessung_seeger_blaurock.jpg\u201c parallax=\u201con\u201c animation_direction=\u201ctop\u201c][et_pb_fullwidth_header title=\u201cUnsere Referenzen\u201c subhead=\u201cVermessung in St\u00e4dten, Landkreisen und Gemeinden in Hessen\u201c text_orientation=\u201ccenter\u201c admin_label=\u201cHero Section\u201c _builder_version=\u201c3.16\u2033 title_font=\u201c|700|||||||\u201c title_font_size=\u201c50px\u201c title_line_height=\u201c1.4em\u201c content_font_size=\u201c22px\u201c content_line_height=\u201c1.8em\u201c subhead_\u200bfont=\u201c||||\u201c background_color=\u201crgba(255, 255, 255, 0)\u201c use_background_color_gradient=\u201con\u201c background_color_gradient_start=\u201crgba(58,52,226,0.93)\u201c background_color_gradient_end=\u201crgba(73,108,220,0.7)\u201c background_size=\u201cinitial\u201c background_position=\u201ctop_left\u201c background_repeat=\u201crepeat\u201c custom_button_one=\u201con\u201c button_one_text_size=\u201c16px\u201c button_one_bg_color=\u201c#6eba01\u2033 button_one_border_color=\u201c#6eba01\u2033 button_one_border_radius=\u201c0\u2033 button_one_letter_spacing=\u201c2\u2033 button_one_font=\u201cMontserrat|||on|\u201c button_one_use_icon=\u201coff\u201c custom_button_two=\u201con\u201c button_two_text_size=\u201c16px\u201c button_two_border_color=\u201c#ffffff\u201c button_two_border_radius=\u201c0\u2033 button_two_letter_spacing=\u201c2\u2033 button_two_font=\u201cMontserrat|||on|\u201c button_two_use_icon=\u201coff\u201c module_alignment=\u201cleft\u201c animation_style=\u201cfade\u201c title_font_size_tablet=\u201c40px\u201c title_font_size_phone=\u201c30px\u201c title_font_size_last_edited=\u201con|phone\u201c title_text_shadow_style=\u201cpreset2\u2033 button_one_text_color_hover=\u201c#6eba01\u2033 button_two_text_color_hover=\u201c#6eba01\u2033 button_one_border_color_hover=\u201c#ffffff\u201c button_two_border_color_hover=\u201c#ffffff\u201c button_one_border_radius_hover=\u201c0\u2033 button_two_border_radius_hover=\u201c0\u2033 button_one_letter_spacing_hover=\u201c2\u2033 button_two_letter_spacing_hover=\u201c2\u2033 button_one_bg_color_hover=\u201c#ffffff\u201c button_two_bg_color_hover=\u201c#ffffff\u201c button_one_text_size__hover_enabled=\u201coff\u201c button_two_text_size__hover_enabled=\u201coff\u201c button_one_text_color__hover_enabled=\u201con\u201c button_one_text_color__hover=\u201c#6eba01\u2033 button_two_text_color__hover_enabled=\u201con\u201c button_two_text_color__hover=\u201c#6eba01\u2033 button_one_border_width__hover_enabled=\u201coff\u201c button_two_border_width__hover_enabled=\u201coff\u201c button_one_border_color__hover_enabled=\u201con\u201c button_one_border_color__hover=\u201c#ffffff\u201c button_two_border_color__hover_enabled=\u201con\u201c button_two_border_color__hover=\u201c#ffffff\u201c button_one_border_radius__hover_enabled=\u201con\u201c button_one_border_radius__hover=\u201c0\u2033 button_two_border_radius__hover_enabled=\u201con\u201c button_two_border_radius__hover=\u201c0\u2033 button_one_letter_spacing__hover_enabled=\u201con\u201c button_one_letter_spacing__hover=\u201c2\u2033 button_two_letter_spacing__hover_enabled=\u201con\u201c button_two_letter_spacing__hover=\u201c2\u2033 button_one_bg_color__hover_enabled=\u201con\u201c button_one_bg_color__hover=\u201c#ffffff\u201c button_two_bg_color__hover_enabled=\u201con\u201c button_two_bg_color__hover=\u201c#ffffff\u201c][\/et_pb_fullwidth_header][\/et_pb_section][et_pb_section fb_built=\u201c1\u2033 _builder_version=\u201c3.22\u2033][et_pb_row _builder_version=\u201c3.25\u2033 background_size=\u201cinitial\u201c background_position=\u201ctop_left\u201c background_repeat=\u201crepeat\u201c column_structure=\u201c1_3,2_3\u2033][et_pb_column type=\u201c1_3\u2033 _builder_version=\u201c3.25\u2033 custom_\u200bpadding=\u201c|||\u201c custom_padding__hover=\u201c|||\u201c][et_pb_sidebar area=\u201cet_pb_widget_area_9\u2033 _builder_version=\u201c3.12\u2033]&nbsp;<br>\n[\/et_pb_sidebar][\/et_pb_column][et_pb_column type=\u201c2_3\u2033 _builder_version=\u201c3.25\u2033 custom_\u200bpadding=\u201c|||\u201c custom_padding__hover=\u201c|||\u201c][et_pb_text _builder_version=\u201c3.27.4\u2033]<\/p>\n<p style=\"text-align: left;\" align=\"center\">Diese Seiten geben einen \u00dcberblick \u00fcber unsere Referenzen im Bereich Vermes\u00adsung in den St\u00e4dten, Kreisen und Gemeinden unseres Einzugs\u00adge\u00adbietes (Rhein-Main-Gebiet und Umgebung).<\/p>\n<p style=\"text-align: left;\" align=\"center\">Als Standard von Vermes\u00adsungs\u00adleis\u00adtungen wurden, soweit nicht anders angegeben, durch Vermesser \u2013 Vermes\u00adsungs\u00adin\u00adge\u00adnieure und Vermes\u00adsungs\u00adtech\u00adniker \u2013 unseres Vermes\u00adsungs\u00adb\u00fcros folgende Leistungen erbracht: Entwurfs\u00adver\u00admes\u00adsung, Liegen\u00adschafts\u00adplan (ehem. Lageplan zum Bauan\u00adtrag), Grund\u00adst\u00fccks\u00adver\u00admes\u00adsung, Feinab\u00adste\u00adckung, Bauver\u00admes\u00adsung, H\u00f6hen\u00adan\u00adtrag, Geb\u00e4udeeinmessung.<\/p>\n<p>[\/et_pb_text][et_pb_divider divider_position=\u201ccenter\u201c divider_weight=\u201c2\u2033 _builder_version=\u201c3.0.101\u2033 height=\u201c42px\u201c][\/et_pb_divider][et_pb_blog posts_number=\u201c20\u2033 include_categories=\u201c21\u2033 meta_date=\u201cd. F&nbsp;Y\u201c show_more=\u201con\u201c show_author=\u201coff\u201c show_date=\u201coff\u201c show_categories=\u201coff\u201c show_pagination=\u201coff\u201c use_overlay=\u201con\u201c overlay_icon_color=\u201c#4e5ed0\u2033 hover_icon=\u201c%%99%%\u201c _builder_version=\u201c3.11.1\u2033 pagination_font_size_tablet=\u201c51\u2033 pagination_line_height_tablet=\u201c2\u2033]&nbsp;<br>\n[\/et_pb_blog][\/et_pb_column][\/et_pb_row][\/et_pb_section]<\/p>\n","protected":false},"excerpt":{"rendered":"<p>&nbsp; Diese Seiten geben einen \u00dcberblick \u00fcber unsere Referenzen im Bereich Vermes\u00adsung in den St\u00e4dten, Kreisen und Gemeinden unseres Einzugs\u00adge\u00adbietes (Rhein-Main-Gebiet und Umgebung). Als Standard von Vermes\u00adsungs\u00adleis\u00adtungen wurden, soweit nicht anders angegeben, durch Vermesser \u2013 Vermes\u00adsungs\u00adin\u00adge\u00adnieure und Vermes\u00adsungs\u00adtech\u00adniker \u2013 unseres Vermes\u00adsungs\u00adb\u00fcros folgende Leistungen erbracht: Entwurfs\u00adver\u00admes\u00adsung, Liegen\u00adschafts\u00adplan (ehem. Lageplan zum Bauan\u00adtrag), Grund\u00adst\u00fccks\u00adver\u00admes\u00adsung, Feinab\u00adste\u00adckung, Bauver\u00admes\u00adsung, H\u00f6hen\u00adan\u00adtrag, Geb\u00e4udeeinmessung.&nbsp;[\u2026]<\/p>\n","protected":false},"author":1,"featured_media":0,"parent":0,"menu_order":0,"comment_status":"closed","ping_status":"closed","template":"","meta":{"_et_pb_use_builder":"on","_et_pb_old_content":"","_et_gb_content_width":"","wp_typography_post_enhancements_disabled":false,"footnotes":""},"class_list":["post-47190","page","type-page","status-publish","hentry"],"yoast_head":"<!-- This site is optimized with the Yoast SEO plugin v27.0 - https:\/\/yoast.com\/product\/yoast-seo-wordpress\/ -->\n<title>Referenzen Vermessung Rhein-Main - Vermessungsb\u00fcro Seeger und Kollegen<\/title>\n<meta name=\"description\" content=\"Unsere Referenzen im Bereich Vermessung in St\u00e4dten, Landkreisen und Gemeinden in Hessen \/ Rhein-Main-Gebiet \/ S\u00fcdhessen: Vermessungsleistungen durch Vermessungsingenieure und Vermessungstechniker sind Entwurfsvermessung, Liegenschaftsplan (ehem. Lageplan zum Bauantrag), Grundst\u00fccksvermessung, Feinabsteckung, Bauvermessung, H\u00f6henantrag, Geb\u00e4udeeinmessung - Vermessungsb\u00fcro Frankfurt am Main\" \/>\n<meta name=\"robots\" content=\"index, follow, max-snippet:-1, max-image-preview:large, max-video-preview:-1\" \/>\n<link rel=\"canonical\" href=\"https:\/\/www.seegerundkollegen.de\/cms\/referenzen-vermessung-rhein-main-vermessungsbuero\/\" \/>\n<meta property=\"og:locale\" content=\"de_DE\" \/>\n<meta property=\"og:type\" content=\"article\" \/>\n<meta property=\"og:title\" content=\"Referenzen Vermessung Rhein-Main - Vermessungsb\u00fcro Seeger und Kollegen\" \/>\n<meta property=\"og:description\" content=\"Unsere Referenzen im Bereich Vermessung in St\u00e4dten, Landkreisen und Gemeinden in Hessen \/ Rhein-Main-Gebiet \/ S\u00fcdhessen: Vermessungsleistungen durch Vermessungsingenieure und Vermessungstechniker sind Entwurfsvermessung, Liegenschaftsplan (ehem. Lageplan zum Bauantrag), Grundst\u00fccksvermessung, Feinabsteckung, Bauvermessung, H\u00f6henantrag, Geb\u00e4udeeinmessung - Vermessungsb\u00fcro Frankfurt am Main\" \/>\n<meta property=\"og:url\" content=\"https:\/\/www.seegerundkollegen.de\/cms\/referenzen-vermessung-rhein-main-vermessungsbuero\/\" \/>\n<meta property=\"og:site_name\" content=\"Vermessungsb\u00fcro Seeger und Kollegen\" \/>\n<meta property=\"article:modified_time\" content=\"2019-12-31T13:55:08+00:00\" \/>\n<meta name=\"twitter:card\" content=\"summary_large_image\" \/>\n<meta name=\"twitter:label1\" content=\"Gesch\u00e4tzte Lesezeit\" \/>\n\t<meta name=\"twitter:data1\" content=\"3\u00a0Minuten\" \/>\n<script type=\"application\/ld+json\" class=\"yoast-schema-graph\">{\"@context\":\"https:\/\/schema.org\",\"@graph\":[{\"@type\":\"WebPage\",\"@id\":\"https:\/\/www.seegerundkollegen.de\/cms\/referenzen-vermessung-rhein-main-vermessungsbuero\/\",\"url\":\"https:\/\/www.seegerundkollegen.de\/cms\/referenzen-vermessung-rhein-main-vermessungsbuero\/\",\"name\":\"Referenzen Vermessung Rhein-Main - Vermessungsb\u00fcro Seeger und Kollegen\",\"isPartOf\":{\"@id\":\"https:\/\/www.seegerundkollegen.de\/cms\/#website\"},\"datePublished\":\"2018-08-01T14:21:23+00:00\",\"dateModified\":\"2019-12-31T13:55:08+00:00\",\"description\":\"Unsere Referenzen im Bereich Vermessung in St\u00e4dten, Landkreisen und Gemeinden in Hessen \/ Rhein-Main-Gebiet \/ S\u00fcdhessen: Vermessungsleistungen durch Vermessungsingenieure und Vermessungstechniker sind Entwurfsvermessung, Liegenschaftsplan (ehem. Lageplan zum Bauantrag), Grundst\u00fccksvermessung, Feinabsteckung, Bauvermessung, H\u00f6henantrag, Geb\u00e4udeeinmessung - Vermessungsb\u00fcro Frankfurt am Main\",\"breadcrumb\":{\"@id\":\"https:\/\/www.seegerundkollegen.de\/cms\/referenzen-vermessung-rhein-main-vermessungsbuero\/#breadcrumb\"},\"inLanguage\":\"de\",\"potentialAction\":[{\"@type\":\"ReadAction\",\"target\":[\"https:\/\/www.seegerundkollegen.de\/cms\/referenzen-vermessung-rhein-main-vermessungsbuero\/\"]}]},{\"@type\":\"BreadcrumbList\",\"@id\":\"https:\/\/www.seegerundkollegen.de\/cms\/referenzen-vermessung-rhein-main-vermessungsbuero\/#breadcrumb\",\"itemListElement\":[{\"@type\":\"ListItem\",\"position\":1,\"name\":\"Startseite\",\"item\":\"https:\/\/www.seegerundkollegen.de\/cms\/\"},{\"@type\":\"ListItem\",\"position\":2,\"name\":\"Referenzen\"}]},{\"@type\":\"WebSite\",\"@id\":\"https:\/\/www.seegerundkollegen.de\/cms\/#website\",\"url\":\"https:\/\/www.seegerundkollegen.de\/cms\/\",\"name\":\"Vermessungsb\u00fcro Seeger und Kollegen\",\"description\":\"\u00d6ffentlich bestellte Vermessungsingenieure, Beratende Ingenieure\",\"publisher\":{\"@id\":\"https:\/\/www.seegerundkollegen.de\/cms\/#organization\"},\"potentialAction\":[{\"@type\":\"SearchAction\",\"target\":{\"@type\":\"EntryPoint\",\"urlTemplate\":\"https:\/\/www.seegerundkollegen.de\/cms\/?s={search_term_string}\"},\"query-input\":{\"@type\":\"PropertyValueSpecification\",\"valueRequired\":true,\"valueName\":\"search_term_string\"}}],\"inLanguage\":\"de\"},{\"@type\":\"Organization\",\"@id\":\"https:\/\/www.seegerundkollegen.de\/cms\/#organization\",\"name\":\"Vermessungsb\u00fcro Seeger und Kollegen\",\"url\":\"https:\/\/www.seegerundkollegen.de\/cms\/\",\"logo\":{\"@type\":\"ImageObject\",\"inLanguage\":\"de\",\"@id\":\"https:\/\/www.seegerundkollegen.de\/cms\/#\/schema\/logo\/image\/\",\"url\":\"https:\/\/www.seegerundkollegen.de\/cms\/wp-content\/uploads\/2018\/01\/suk_logo4divi_draft2.png\",\"contentUrl\":\"https:\/\/www.seegerundkollegen.de\/cms\/wp-content\/uploads\/2018\/01\/suk_logo4divi_draft2.png\",\"width\":320,\"height\":90,\"caption\":\"Vermessungsb\u00fcro Seeger und Kollegen\"},\"image\":{\"@id\":\"https:\/\/www.seegerundkollegen.de\/cms\/#\/schema\/logo\/image\/\"}}]}<\/script>\n<!-- \/ Yoast SEO plugin. -->","yoast_head_json":{"title":"Referenzen Vermessung Rhein-Main - Vermessungsb\u00fcro Seeger und Kollegen","description":"Unsere Referenzen im Bereich Vermessung in St\u00e4dten, Landkreisen und Gemeinden in Hessen \/ Rhein-Main-Gebiet \/ S\u00fcdhessen: Vermessungsleistungen durch Vermessungsingenieure und Vermessungstechniker sind Entwurfsvermessung, Liegenschaftsplan (ehem. Lageplan zum Bauantrag), Grundst\u00fccksvermessung, Feinabsteckung, Bauvermessung, H\u00f6henantrag, Geb\u00e4udeeinmessung - Vermessungsb\u00fcro Frankfurt am Main","robots":{"index":"index","follow":"follow","max-snippet":"max-snippet:-1","max-image-preview":"max-image-preview:large","max-video-preview":"max-video-preview:-1"},"canonical":"https:\/\/www.seegerundkollegen.de\/cms\/referenzen-vermessung-rhein-main-vermessungsbuero\/","og_locale":"de_DE","og_type":"article","og_title":"Referenzen Vermessung Rhein-Main - Vermessungsb\u00fcro Seeger und Kollegen","og_description":"Unsere Referenzen im Bereich Vermessung in St\u00e4dten, Landkreisen und Gemeinden in Hessen \/ Rhein-Main-Gebiet \/ S\u00fcdhessen: Vermessungsleistungen durch Vermessungsingenieure und Vermessungstechniker sind Entwurfsvermessung, Liegenschaftsplan (ehem. Lageplan zum Bauantrag), Grundst\u00fccksvermessung, Feinabsteckung, Bauvermessung, H\u00f6henantrag, Geb\u00e4udeeinmessung - Vermessungsb\u00fcro Frankfurt am Main","og_url":"https:\/\/www.seegerundkollegen.de\/cms\/referenzen-vermessung-rhein-main-vermessungsbuero\/","og_site_name":"Vermessungsb\u00fcro Seeger und Kollegen","article_modified_time":"2019-12-31T13:55:08+00:00","twitter_card":"summary_large_image","twitter_misc":{"Gesch\u00e4tzte Lesezeit":"3\u00a0Minuten"},"schema":{"@context":"https:\/\/schema.org","@graph":[{"@type":"WebPage","@id":"https:\/\/www.seegerundkollegen.de\/cms\/referenzen-vermessung-rhein-main-vermessungsbuero\/","url":"https:\/\/www.seegerundkollegen.de\/cms\/referenzen-vermessung-rhein-main-vermessungsbuero\/","name":"Referenzen Vermessung Rhein-Main - Vermessungsb\u00fcro Seeger und Kollegen","isPartOf":{"@id":"https:\/\/www.seegerundkollegen.de\/cms\/#website"},"datePublished":"2018-08-01T14:21:23+00:00","dateModified":"2019-12-31T13:55:08+00:00","description":"Unsere Referenzen im Bereich Vermessung in St\u00e4dten, Landkreisen und Gemeinden in Hessen \/ Rhein-Main-Gebiet \/ S\u00fcdhessen: Vermessungsleistungen durch Vermessungsingenieure und Vermessungstechniker sind Entwurfsvermessung, Liegenschaftsplan (ehem. Lageplan zum Bauantrag), Grundst\u00fccksvermessung, Feinabsteckung, Bauvermessung, H\u00f6henantrag, Geb\u00e4udeeinmessung - Vermessungsb\u00fcro Frankfurt am Main","breadcrumb":{"@id":"https:\/\/www.seegerundkollegen.de\/cms\/referenzen-vermessung-rhein-main-vermessungsbuero\/#breadcrumb"},"inLanguage":"de","potentialAction":[{"@type":"ReadAction","target":["https:\/\/www.seegerundkollegen.de\/cms\/referenzen-vermessung-rhein-main-vermessungsbuero\/"]}]},{"@type":"BreadcrumbList","@id":"https:\/\/www.seegerundkollegen.de\/cms\/referenzen-vermessung-rhein-main-vermessungsbuero\/#breadcrumb","itemListElement":[{"@type":"ListItem","position":1,"name":"Startseite","item":"https:\/\/www.seegerundkollegen.de\/cms\/"},{"@type":"ListItem","position":2,"name":"Referenzen"}]},{"@type":"WebSite","@id":"https:\/\/www.seegerundkollegen.de\/cms\/#website","url":"https:\/\/www.seegerundkollegen.de\/cms\/","name":"Vermessungsb\u00fcro Seeger und Kollegen","description":"\u00d6ffentlich bestellte Vermessungsingenieure, Beratende Ingenieure","publisher":{"@id":"https:\/\/www.seegerundkollegen.de\/cms\/#organization"},"potentialAction":[{"@type":"SearchAction","target":{"@type":"EntryPoint","urlTemplate":"https:\/\/www.seegerundkollegen.de\/cms\/?s={search_term_string}"},"query-input":{"@type":"PropertyValueSpecification","valueRequired":true,"valueName":"search_term_string"}}],"inLanguage":"de"},{"@type":"Organization","@id":"https:\/\/www.seegerundkollegen.de\/cms\/#organization","name":"Vermessungsb\u00fcro Seeger und Kollegen","url":"https:\/\/www.seegerundkollegen.de\/cms\/","logo":{"@type":"ImageObject","inLanguage":"de","@id":"https:\/\/www.seegerundkollegen.de\/cms\/#\/schema\/logo\/image\/","url":"https:\/\/www.seegerundkollegen.de\/cms\/wp-content\/uploads\/2018\/01\/suk_logo4divi_draft2.png","contentUrl":"https:\/\/www.seegerundkollegen.de\/cms\/wp-content\/uploads\/2018\/01\/suk_logo4divi_draft2.png","width":320,"height":90,"caption":"Vermessungsb\u00fcro Seeger und Kollegen"},"image":{"@id":"https:\/\/www.seegerundkollegen.de\/cms\/#\/schema\/logo\/image\/"}}]}},"_links":{"self":[{"href":"https:\/\/www.seegerundkollegen.de\/cms\/wp-json\/wp\/v2\/pages\/47190","targetHints":{"allow":["GET"]}}],"collection":[{"href":"https:\/\/www.seegerundkollegen.de\/cms\/wp-json\/wp\/v2\/pages"}],"about":[{"href":"https:\/\/www.seegerundkollegen.de\/cms\/wp-json\/wp\/v2\/types\/page"}],"author":[{"embeddable":true,"href":"https:\/\/www.seegerundkollegen.de\/cms\/wp-json\/wp\/v2\/users\/1"}],"replies":[{"embeddable":true,"href":"https:\/\/www.seegerundkollegen.de\/cms\/wp-json\/wp\/v2\/comments?post=47190"}],"version-history":[{"count":9,"href":"https:\/\/www.seegerundkollegen.de\/cms\/wp-json\/wp\/v2\/pages\/47190\/revisions"}],"predecessor-version":[{"id":48625,"href":"https:\/\/www.seegerundkollegen.de\/cms\/wp-json\/wp\/v2\/pages\/47190\/revisions\/48625"}],"wp:attachment":[{"href":"https:\/\/www.seegerundkollegen.de\/cms\/wp-json\/wp\/v2\/media?parent=47190"}],"curies":[{"name":"wp","href":"https:\/\/api.w.org\/{rel}","templated":true}]}}