{"id":47070,"date":"2018-06-06T05:44:12","date_gmt":"2018-06-06T03:44:12","guid":{"rendered":"http:\/\/www.seegerundkollegen.de\/cms\/?page_id=47070"},"modified":"2020-04-27T08:24:49","modified_gmt":"2020-04-27T06:24:49","slug":"impressum","status":"publish","type":"page","link":"https:\/\/www.seegerundkollegen.de\/cms\/impressum\/","title":{"rendered":"Impressum"},"content":{"rendered":"<p>Alle Inhalte dieser Website sind Copyright \u00a9 2000-2020 Seeger und Kollegen \/ medi<b>@<\/b>tects<sup>\u00ae<\/sup>. Alle Rechte vorbehalten.<\/p>\n<p><u>Anbieter<\/u><br>\nVermes\u00adsungs\u00adb\u00fcro Seeger und Kollegen&nbsp;GbR<br>\n\u00d6ffent\u00adlich bestellte Vermessungsingenieure<br>\nDipl.-Ing. Rolf Seeger<br>\nDipl.-Ing. Dirk Blaurock<br>\nFeldschei\u00adden\u00adstra\u00dfe&nbsp;64<br>\n60435 Frank\u00adfurt am&nbsp;Main<br>\n\u2013 Deutschland&nbsp;\u2013<br>\nTelefon: +49 (0)69 954 342 \u2013&nbsp;0<br>\nTelefax: +49 (0)69 954 342&nbsp;-11<br>\nE-Mail: <a href=\"mailto:vermessung@seegerundkollegen.de\">vermessung@\u200bseegerundkollegen.\u200bde<\/a><\/p>\n<p>USt-IdNr: <span class=\"caps\">DE112148221<\/span><\/p>\n<p><u>Gestal\u00adtung und techn. Umsetzung:<\/u><br>\n<a href=\"http:\/\/www.mediatects.de\" target=\"_blank\" rel=\"noopener noreferrer\">medi<b>@<\/b>tects<sup>\u00ae<\/sup><\/a> \u2013 B\u00fcro f\u00fcr Medien\u00adar\u00adchi\u00adtektur und Gestal\u00adtung, Dominic John&nbsp;Rack<\/p>\n<p><u><br>\nVerant\u00adwort\u00adlich nach \u00a75&nbsp;<span class=\"caps\">TMG<\/span>:<\/u><br>\nRolf Seeger, Dirk Blaurock<\/p>\n<p><u>Zulas\u00adsungs\u00adbe\u00adh\u00f6rde f\u00fcr die \u00d6ffent\u00adlich bestellten Vermes\u00adsungs\u00adin\u00adge\u00adnieure in Hessen:<\/u><br>\nHessi\u00adsches Minis\u00adte\u00adrium f\u00fcr Wirtschaft, Energie, Verkehr und Landesentwicklung<br>\nKaiser-Fried\u00adrich-Ring&nbsp;75<br>\n65185 Wiesbaden<\/p>\n<p><u>Aufsichts\u00adbe\u00adh\u00f6rde f\u00fcr die \u00d6ffent\u00adlich bestellten Vermessungsingenieure:<\/u><br>\nHessi\u00adsches Landesamt f\u00fcr Boden\u00adma\u00adnage\u00adment und Geoinformation<br>\nSchaper\u00adstra\u00dfe&nbsp;16<br>\n65195 Wiesbaden<\/p>\n<p><u>Kammer f\u00fcr die Beratenden Ingenieure:<\/u><br>\nIngenieur\u00adkammer Hessen<br>\nGustav-Strese\u00admann-Ring&nbsp;6<br>\n65189 Wiesbaden<\/p>\n<p><u>Anerken\u00adnende und listen\u00adf\u00fch\u00adrende Stelle f\u00fcr Pr\u00fcfsach\u00adver\u00adst\u00e4n\u00addige f\u00fcr Vermes\u00adsungs\u00adwesen nach \u00a7 26 ff. der Hessi\u00adschen Verord\u00adnung \u00fcber Pr\u00fcfbe\u00adrech\u00adtigte und Pr\u00fcfsachverst\u00e4ndige:<\/u><br>\nIngenieur\u00adkammer Hessen<br>\nGustav-Strese\u00admann-Ring&nbsp;6<br>\n65189 Wiesbaden<\/p>\n<p><u>Berufs\u00adhaft\u00adpflicht\u00adver\u00adsi\u00adche\u00adrung:<\/u><br>\n<span class=\"caps\">AXA<\/span> Versi\u00adche\u00adrung&nbsp;<span class=\"caps\">AG<\/span><br>\nPostfach 920148<br>\n51151&nbsp;K\u00f6ln<\/p>\n<p><u>Inhalt des Onlineangebotes<\/u><br>\nDer Autor \u00fcbernimmt keinerlei Gew\u00e4hr f\u00fcr die Aktua\u00adlit\u00e4t, Korrekt\u00adheit, Vollst\u00e4n\u00addig\u00adkeit oder Qualit\u00e4t der bereit\u00adge\u00adstellten Infor\u00adma\u00adtionen. Haftungs\u00adan\u00adspr\u00fcche gegen den Autor, welche sich auf Sch\u00e4den materi\u00adeller oder ideeller Art beziehen, die durch die Nutzung oder Nicht\u00adnut\u00adzung der darge\u00adbo\u00adtenen Infor\u00adma\u00adtionen bzw. durch die Nutzung fehler\u00adhafter und unvoll\u00adst\u00e4n\u00addiger Infor\u00adma\u00adtionen verursacht<br>\nwurden sind grund\u00ads\u00e4tz\u00adlich ausge\u00adschlossen, sofern seitens des Autors kein nachweis\u00adlich vors\u00e4tz\u00adli\u00adches oder grob fahrl\u00e4s\u00adsiges Verschulden vorliegt.<\/p>\n<p>Alle Angebote sind freiblei\u00adbend und unver\u00adbind\u00adlich. Der Autor beh\u00e4lt es sich ausdr\u00fcck\u00adlich vor, Teile der Seiten oder das gesamte Angebot ohne geson\u00adderte Ank\u00fcn\u00addi\u00adgung zu ver\u00e4n\u00addern, zu erg\u00e4nzen, zu l\u00f6schen oder die Ver\u00f6f\u00adfent\u00adli\u00adchung zeitweise oder endg\u00fcltig einzustellen.<\/p>\n<p><u> Verweise und&nbsp;Links<\/u><br>\nBei direkten oder indirekten Verweisen auf fremde Inter\u00adnet\u00adseiten (\u201eLinks\u201c), die au\u00dfer\u00adhalb des Verant\u00adwor\u00adtungs\u00adbe\u00adrei\u00adches des Autors liegen, w\u00fcrde eine Haftungs\u00adver\u00adpflich\u00adtung ausschlie\u00df\u00adlich in dem Fall in Kraft treten, in dem der Autor von den Inhalten Kenntnis hat und es ihm technisch m\u00f6glich und zumutbar w\u00e4re, die Nutzung im Falle rechts\u00adwid\u00adriger Inhalte zu verhin\u00addern. Der Autor erkl\u00e4rt daher ausdr\u00fcck\u00adlich, dass zum Zeitpunkt der Linkset\u00adzung die entspre\u00adchenden verlinkten Seiten frei von illegalen Inhalten waren. Der&nbsp;Autor<br>\nhat keinerlei Einfluss auf die aktuelle und zuk\u00fcnf\u00adtige Gestal\u00adtung und auf die Inhalte der gelinkten \/ verkn\u00fcpften Seiten. Deshalb distan\u00adziert er sich hiermit ausdr\u00fcck\u00adlich von allen Inhalten aller gelinkten \/ verkn\u00fcpften Seiten, die nach der Linkset\u00adzung ver\u00e4n\u00addert wurden. Diese Feststel\u00adlung gilt f\u00fcr alle inner\u00adhalb des eigenen Inter\u00adnet\u00adan\u00adge\u00adbotes gesetzten Links und Verweise sowie f\u00fcr Fremd\u00adein\u00adtr\u00e4ge in vom Autor einge\u00adrich\u00adteten G\u00e4ste\u00adb\u00fc\u00adchern, Diskus\u00adsi\u00adons\u00adforen und Mailing\u00adlisten. F\u00fcr illegale, fehler\u00adhafte oder unvoll\u00adst\u00e4n\u00addige Inhalte&nbsp;und<br>\ninsbe\u00adson\u00addere f\u00fcr Sch\u00e4den, die aus der Nutzung oder Nicht\u00adnut\u00adzung solcherart darge\u00adbo\u00adtener Infor\u00adma\u00adtionen entstehen, haftet allein der Anbieter der Seite, auf welche verwiesen wurde, nicht derje\u00adnige, der \u00fcber Links auf die jewei\u00adlige Ver\u00f6f\u00adfent\u00adli\u00adchung ledig\u00adlich verweist.<\/p>\n<p><u> Urheber- und Kennzeichenrecht<\/u><br>\nDer Autor ist bestrebt, in allen Publi\u00adka\u00adtionen die Urheber\u00adrechte der verwen\u00addeten Grafiken, Tondo\u00adku\u00admente, Video\u00adse\u00adquenzen und Texte zu beachten, von ihm selbst erstellte Grafiken, Tondo\u00adku\u00admente, Video\u00adse\u00adquenzen und Texte zu nutzen oder auf lizenz\u00adfreie Grafiken, Tondo\u00adku\u00admente, Video\u00adse\u00adquenzen und Texte zur\u00fcckzugreifen.<\/p>\n<p>Alle inner\u00adhalb des Inter\u00adnet\u00adan\u00adge\u00adbotes genannten und ggf. durch Dritte gesch\u00fctzten Marken- und Waren\u00adzei\u00adchen unter\u00adliegen unein\u00adge\u00adschr\u00e4nkt den Bestim\u00admungen des jeweils g\u00fcltigen Kennzei\u00adchen\u00adrechts und den Besitz\u00adrechten der jewei\u00adligen einge\u00adtra\u00adgenen Eigen\u00adt\u00fcmer. Allein aufgrund der blo\u00dfen Nennung ist nicht der Schluss zu ziehen, dass Marken\u00adzei\u00adchen nicht durch Rechte Dritter gesch\u00fctzt sind! Das Copyright f\u00fcr ver\u00f6f\u00adfent\u00adlichte, vom Autor selbst erstellte Objekte bleibt allein beim Autor der Seiten. Eine Verviel\u00adf\u00e4l\u00adti\u00adgung oder Verwen\u00addung solcher<br>\nGrafiken, Tondo\u00adku\u00admente, Video\u00adse\u00adquenzen und Texte in anderen elektro\u00adni\u00adschen oder gedruckten Publi\u00adka\u00adtionen ist ohne ausdr\u00fcck\u00adliche Zustim\u00admung des Autors nicht gestattet.<\/p>\n<p><u>Rechts\u00adwirk\u00adsam\u00adkeit dieses Haftungsausschlusses<\/u><br>\nDieser Haftungs\u00adaus\u00adschluss ist als Teil des Inter\u00adnet\u00adan\u00adge\u00adbotes zu betrachten, von dem aus auf diese Seite verwiesen wurde. Sofern Teile oder einzelne Formu\u00adlie\u00adrungen dieses Textes der geltenden Rechts\u00adlage nicht, nicht mehr oder nicht vollst\u00e4ndig entspre\u00adchen sollten, bleiben die \u00fcbrigen Teile des Dokumentes in ihrem Inhalt und ihrer G\u00fcltig\u00adkeit davon unber\u00fchrt.<\/p>\n<p><u>Alter\u00adna\u00adtive Streit\u00adbei\u00adle\u00adgung in Verbrauchersachen<\/u><br>\nPlatt\u00adform der <span class=\"caps\">EU<\/span> zur au\u00dfer\u00adge\u00adricht\u00adli\u00adchen Online-Streit\u00adbei\u00adle\u00adgung: <a href=\"https:\/\/webgate.ec.europa.eu\/odr\/\" target=\"_blank\" rel=\"noopener noreferrer\">https:\/\/\u200bwebgate\u200b.ec\u200b.europa\u200b.eu\/odr\/<\/a><\/p>\n<p><u>Hinweis gem\u00e4\u00df \u00a736 Verbrau\u00adcher\u00adstreit\u00adbei\u00adle\u00adgungs\u00adge\u00adsetz (<span class=\"caps\">VSBG<\/span>):<\/u><br>\nWir nehmen nicht an einem Streit\u00adbei\u00adle\u00adgungs\u00adver\u00adfahren vor einer Verbrau\u00adcher\u00adschlich\u00adtungs\u00adstelle&nbsp;teil.<\/p>\n<p><u>Daten\u00adschutz<\/u><br>\nBitte beachten Sie unsere geson\u00adderte <a href=\"https:\/\/www.seegerundkollegen.de\/cms\/datenschutzerklaerung\/\">Daten\u00adschutz\u00ader\u00adkl\u00e4\u00adrung<\/a>.<\/p>\n","protected":false},"excerpt":{"rendered":"<p>Alle Inhalte dieser Website sind Copyright \u00a9 2000-2020 Seeger und Kollegen \/ medi@tects\u00ae. Alle Rechte vorbe\u00adhalten. Anbieter Vermes\u00adsungs\u00adb\u00fcro Seeger und Kollegen&nbsp;GbR \u00d6ffent\u00adlich bestellte Vermes\u00adsungs\u00adin\u00adge\u00adnieure Dipl.-Ing. Rolf Seeger Dipl.-Ing. Dirk Blaurock Feldschei\u00adden\u00adstra\u00dfe&nbsp;64 60435 Frank\u00adfurt am&nbsp;Main \u2013 Deutsch\u00adland&nbsp;\u2013 Telefon: +49 (0)69 954 342 \u2013&nbsp;0&nbsp;Telefax: +49 (0)69 954 342&nbsp;-11&nbsp;E-Mail: vermessung@\u200bseegerundkollegen.\u200bde USt-IdNr: <span class=\"caps\">DE112148221<\/span> Gestal\u00adtung und techn. Umsetzung:&nbsp;[\u2026]<\/p>\n","protected":false},"author":1,"featured_media":0,"parent":0,"menu_order":0,"comment_status":"closed","ping_status":"closed","template":"","meta":{"_et_pb_use_builder":"","_et_pb_old_content":"","_et_gb_content_width":"","wp_typography_post_enhancements_disabled":false,"footnotes":""},"class_list":["post-47070","page","type-page","status-publish","hentry"],"yoast_head":"<!-- This site is optimized with the Yoast SEO plugin v27.0 - https:\/\/yoast.com\/product\/yoast-seo-wordpress\/ -->\n<title>Impressum - Vermessungsb\u00fcro Seeger und Kollegen<\/title>\n<meta name=\"description\" content=\"Impressum des Vermessungsb\u00fcros Seeger und Kollegen in Frankfurt am Main, Anbieterkennzeichnung, Copyright und weitere rechtliche Hinweise\" \/>\n<meta name=\"robots\" content=\"index, follow, max-snippet:-1, max-image-preview:large, max-video-preview:-1\" \/>\n<link rel=\"canonical\" href=\"https:\/\/www.seegerundkollegen.de\/cms\/impressum\/\" \/>\n<meta property=\"og:locale\" content=\"de_DE\" \/>\n<meta property=\"og:type\" content=\"article\" \/>\n<meta property=\"og:title\" content=\"Impressum - Vermessungsb\u00fcro Seeger und Kollegen\" \/>\n<meta property=\"og:description\" content=\"Impressum des Vermessungsb\u00fcros Seeger und Kollegen in Frankfurt am Main, Anbieterkennzeichnung, Copyright und weitere rechtliche Hinweise\" \/>\n<meta property=\"og:url\" content=\"https:\/\/www.seegerundkollegen.de\/cms\/impressum\/\" \/>\n<meta property=\"og:site_name\" content=\"Vermessungsb\u00fcro Seeger und Kollegen\" \/>\n<meta property=\"article:modified_time\" content=\"2020-04-27T06:24:49+00:00\" \/>\n<meta name=\"twitter:card\" content=\"summary_large_image\" \/>\n<meta name=\"twitter:label1\" content=\"Gesch\u00e4tzte Lesezeit\" \/>\n\t<meta name=\"twitter:data1\" content=\"4\u00a0Minuten\" \/>\n<script type=\"application\/ld+json\" class=\"yoast-schema-graph\">{\"@context\":\"https:\/\/schema.org\",\"@graph\":[{\"@type\":\"WebPage\",\"@id\":\"https:\/\/www.seegerundkollegen.de\/cms\/impressum\/\",\"url\":\"https:\/\/www.seegerundkollegen.de\/cms\/impressum\/\",\"name\":\"Impressum - Vermessungsb\u00fcro Seeger und Kollegen\",\"isPartOf\":{\"@id\":\"https:\/\/www.seegerundkollegen.de\/cms\/#website\"},\"datePublished\":\"2018-06-06T03:44:12+00:00\",\"dateModified\":\"2020-04-27T06:24:49+00:00\",\"description\":\"Impressum des Vermessungsb\u00fcros Seeger und Kollegen in Frankfurt am Main, Anbieterkennzeichnung, Copyright und weitere rechtliche Hinweise\",\"breadcrumb\":{\"@id\":\"https:\/\/www.seegerundkollegen.de\/cms\/impressum\/#breadcrumb\"},\"inLanguage\":\"de\",\"potentialAction\":[{\"@type\":\"ReadAction\",\"target\":[\"https:\/\/www.seegerundkollegen.de\/cms\/impressum\/\"]}]},{\"@type\":\"BreadcrumbList\",\"@id\":\"https:\/\/www.seegerundkollegen.de\/cms\/impressum\/#breadcrumb\",\"itemListElement\":[{\"@type\":\"ListItem\",\"position\":1,\"name\":\"Startseite\",\"item\":\"https:\/\/www.seegerundkollegen.de\/cms\/\"},{\"@type\":\"ListItem\",\"position\":2,\"name\":\"Impressum\"}]},{\"@type\":\"WebSite\",\"@id\":\"https:\/\/www.seegerundkollegen.de\/cms\/#website\",\"url\":\"https:\/\/www.seegerundkollegen.de\/cms\/\",\"name\":\"Vermessungsb\u00fcro Seeger und Kollegen\",\"description\":\"\u00d6ffentlich bestellte Vermessungsingenieure, Beratende Ingenieure\",\"publisher\":{\"@id\":\"https:\/\/www.seegerundkollegen.de\/cms\/#organization\"},\"potentialAction\":[{\"@type\":\"SearchAction\",\"target\":{\"@type\":\"EntryPoint\",\"urlTemplate\":\"https:\/\/www.seegerundkollegen.de\/cms\/?s={search_term_string}\"},\"query-input\":{\"@type\":\"PropertyValueSpecification\",\"valueRequired\":true,\"valueName\":\"search_term_string\"}}],\"inLanguage\":\"de\"},{\"@type\":\"Organization\",\"@id\":\"https:\/\/www.seegerundkollegen.de\/cms\/#organization\",\"name\":\"Vermessungsb\u00fcro Seeger und Kollegen\",\"url\":\"https:\/\/www.seegerundkollegen.de\/cms\/\",\"logo\":{\"@type\":\"ImageObject\",\"inLanguage\":\"de\",\"@id\":\"https:\/\/www.seegerundkollegen.de\/cms\/#\/schema\/logo\/image\/\",\"url\":\"https:\/\/www.seegerundkollegen.de\/cms\/wp-content\/uploads\/2018\/01\/suk_logo4divi_draft2.png\",\"contentUrl\":\"https:\/\/www.seegerundkollegen.de\/cms\/wp-content\/uploads\/2018\/01\/suk_logo4divi_draft2.png\",\"width\":320,\"height\":90,\"caption\":\"Vermessungsb\u00fcro Seeger und Kollegen\"},\"image\":{\"@id\":\"https:\/\/www.seegerundkollegen.de\/cms\/#\/schema\/logo\/image\/\"}}]}<\/script>\n<!-- \/ Yoast SEO plugin. -->","yoast_head_json":{"title":"Impressum - Vermessungsb\u00fcro Seeger und Kollegen","description":"Impressum des Vermessungsb\u00fcros Seeger und Kollegen in Frankfurt am Main, Anbieterkennzeichnung, Copyright und weitere rechtliche Hinweise","robots":{"index":"index","follow":"follow","max-snippet":"max-snippet:-1","max-image-preview":"max-image-preview:large","max-video-preview":"max-video-preview:-1"},"canonical":"https:\/\/www.seegerundkollegen.de\/cms\/impressum\/","og_locale":"de_DE","og_type":"article","og_title":"Impressum - Vermessungsb\u00fcro Seeger und Kollegen","og_description":"Impressum des Vermessungsb\u00fcros Seeger und Kollegen in Frankfurt am Main, Anbieterkennzeichnung, Copyright und weitere rechtliche Hinweise","og_url":"https:\/\/www.seegerundkollegen.de\/cms\/impressum\/","og_site_name":"Vermessungsb\u00fcro Seeger und Kollegen","article_modified_time":"2020-04-27T06:24:49+00:00","twitter_card":"summary_large_image","twitter_misc":{"Gesch\u00e4tzte Lesezeit":"4\u00a0Minuten"},"schema":{"@context":"https:\/\/schema.org","@graph":[{"@type":"WebPage","@id":"https:\/\/www.seegerundkollegen.de\/cms\/impressum\/","url":"https:\/\/www.seegerundkollegen.de\/cms\/impressum\/","name":"Impressum - Vermessungsb\u00fcro Seeger und Kollegen","isPartOf":{"@id":"https:\/\/www.seegerundkollegen.de\/cms\/#website"},"datePublished":"2018-06-06T03:44:12+00:00","dateModified":"2020-04-27T06:24:49+00:00","description":"Impressum des Vermessungsb\u00fcros Seeger und Kollegen in Frankfurt am Main, Anbieterkennzeichnung, Copyright und weitere rechtliche Hinweise","breadcrumb":{"@id":"https:\/\/www.seegerundkollegen.de\/cms\/impressum\/#breadcrumb"},"inLanguage":"de","potentialAction":[{"@type":"ReadAction","target":["https:\/\/www.seegerundkollegen.de\/cms\/impressum\/"]}]},{"@type":"BreadcrumbList","@id":"https:\/\/www.seegerundkollegen.de\/cms\/impressum\/#breadcrumb","itemListElement":[{"@type":"ListItem","position":1,"name":"Startseite","item":"https:\/\/www.seegerundkollegen.de\/cms\/"},{"@type":"ListItem","position":2,"name":"Impressum"}]},{"@type":"WebSite","@id":"https:\/\/www.seegerundkollegen.de\/cms\/#website","url":"https:\/\/www.seegerundkollegen.de\/cms\/","name":"Vermessungsb\u00fcro Seeger und Kollegen","description":"\u00d6ffentlich bestellte Vermessungsingenieure, Beratende Ingenieure","publisher":{"@id":"https:\/\/www.seegerundkollegen.de\/cms\/#organization"},"potentialAction":[{"@type":"SearchAction","target":{"@type":"EntryPoint","urlTemplate":"https:\/\/www.seegerundkollegen.de\/cms\/?s={search_term_string}"},"query-input":{"@type":"PropertyValueSpecification","valueRequired":true,"valueName":"search_term_string"}}],"inLanguage":"de"},{"@type":"Organization","@id":"https:\/\/www.seegerundkollegen.de\/cms\/#organization","name":"Vermessungsb\u00fcro Seeger und Kollegen","url":"https:\/\/www.seegerundkollegen.de\/cms\/","logo":{"@type":"ImageObject","inLanguage":"de","@id":"https:\/\/www.seegerundkollegen.de\/cms\/#\/schema\/logo\/image\/","url":"https:\/\/www.seegerundkollegen.de\/cms\/wp-content\/uploads\/2018\/01\/suk_logo4divi_draft2.png","contentUrl":"https:\/\/www.seegerundkollegen.de\/cms\/wp-content\/uploads\/2018\/01\/suk_logo4divi_draft2.png","width":320,"height":90,"caption":"Vermessungsb\u00fcro Seeger und Kollegen"},"image":{"@id":"https:\/\/www.seegerundkollegen.de\/cms\/#\/schema\/logo\/image\/"}}]}},"_links":{"self":[{"href":"https:\/\/www.seegerundkollegen.de\/cms\/wp-json\/wp\/v2\/pages\/47070","targetHints":{"allow":["GET"]}}],"collection":[{"href":"https:\/\/www.seegerundkollegen.de\/cms\/wp-json\/wp\/v2\/pages"}],"about":[{"href":"https:\/\/www.seegerundkollegen.de\/cms\/wp-json\/wp\/v2\/types\/page"}],"author":[{"embeddable":true,"href":"https:\/\/www.seegerundkollegen.de\/cms\/wp-json\/wp\/v2\/users\/1"}],"replies":[{"embeddable":true,"href":"https:\/\/www.seegerundkollegen.de\/cms\/wp-json\/wp\/v2\/comments?post=47070"}],"version-history":[{"count":12,"href":"https:\/\/www.seegerundkollegen.de\/cms\/wp-json\/wp\/v2\/pages\/47070\/revisions"}],"predecessor-version":[{"id":48722,"href":"https:\/\/www.seegerundkollegen.de\/cms\/wp-json\/wp\/v2\/pages\/47070\/revisions\/48722"}],"wp:attachment":[{"href":"https:\/\/www.seegerundkollegen.de\/cms\/wp-json\/wp\/v2\/media?parent=47070"}],"curies":[{"name":"wp","href":"https:\/\/api.w.org\/{rel}","templated":true}]}}