{"id":46673,"date":"2017-12-06T02:26:08","date_gmt":"2017-12-06T01:26:08","guid":{"rendered":"http:\/\/divitest2.mediatects.de\/?page_id=46673"},"modified":"2024-02-19T09:51:25","modified_gmt":"2024-02-19T08:51:25","slug":"mietflaechenermittlung-leistungen-vermessungsbuero","status":"publish","type":"page","link":"https:\/\/www.seegerundkollegen.de\/cms\/leistungen\/mietflaechenermittlung-leistungen-vermessungsbuero\/","title":{"rendered":"Mietfl\u00e4\u00adchen\u00ader\u00admitt\u00adlung"},"content":{"rendered":"<p>[et_\u200bpb_\u200bsection fb_built=\u201c1\u2033 fullwidth=\u201con\u201c admin_label=\u201cPage Header\u201c _builder_version=\u201c4.16\u2033 background_image=\u201chttps:\/\/www.seegerundkollegen.de\/cms\/wp-content\/uploads\/2018\/03\/plan_vermessung_seeger_blaurock_frankfurt_main.jpg\u201c background_position=\u201cbottom_center\u201c animation_direction=\u201ctop\u201c global_colors_info=\u201c{}\u201c][et_pb_fullwidth_header title=\u201cMietfl\u00e4chenermittlung\u201c text_orientation=\u201ccenter\u201c admin_label=\u201cHero Section\u201c _builder_version=\u201c4.20.0\u2033 title_font=\u201c|700|||||||\u201c title_font_size=\u201c50px\u201c title_line_height=\u201c1.4em\u201c content_font_size=\u201c22px\u201c content_line_height=\u201c1.8em\u201c subhead_\u200bfont=\u201c||||\u201c background_color=\u201crgba(255, 255, 255, 0)\u201c use_background_color_gradient=\u201con\u201c background_color_gradient_stops=\u201crgba(58,52,226,0.93) 0%|rgba(73,108,220,0.7) 100%\u201c background_color_gradient_start=\u201crgba(58,52,226,0.93)\u201c background_color_gradient_end=\u201crgba(73,108,220,0.7)\u201c background_size=\u201cinitial\u201c background_position=\u201ctop_left\u201c background_repeat=\u201crepeat\u201c custom_button_one=\u201con\u201c button_one_text_size=\u201c16px\u201c button_one_bg_color=\u201c#6eba01\u2033 button_one_border_color=\u201c#6eba01\u2033 button_one_border_radius=\u201c0\u2033 button_one_letter_spacing=\u201c2\u2033 button_one_font=\u201cMontserrat|||on|\u201c button_one_use_icon=\u201coff\u201c custom_button_two=\u201con\u201c button_two_text_size=\u201c16px\u201c button_two_border_color=\u201c#ffffff\u201c button_two_border_radius=\u201c0\u2033 button_two_letter_spacing=\u201c2\u2033 button_two_font=\u201cMontserrat|||on|\u201c button_two_use_icon=\u201coff\u201c module_alignment=\u201cleft\u201c animation_style=\u201cfade\u201c title_font_size_tablet=\u201c40px\u201c title_font_size_phone=\u201c30px\u201c title_font_size_last_edited=\u201con|desktop\u201c title_text_shadow_style=\u201cpreset2\u2033 button_one_text_color_hover=\u201c#6eba01\u2033 button_two_text_color_hover=\u201c#6eba01\u2033 button_one_border_color_hover=\u201c#ffffff\u201c button_two_border_color_hover=\u201c#ffffff\u201c button_one_border_radius_hover=\u201c0\u2033 button_two_border_radius_hover=\u201c0\u2033 button_one_letter_spacing_hover=\u201c2\u2033 button_two_letter_spacing_hover=\u201c2\u2033 button_one_bg_color_hover=\u201c#ffffff\u201c button_two_bg_color_hover=\u201c#ffffff\u201c global_\u200bcolors_\u200binfo=\u201c{}\u201c button_one_text_size__hover_enabled=\u201coff\u201c button_two_text_size__hover_enabled=\u201coff\u201c button_one_text_color__hover_enabled=\u201con\u201c button_one_text_color__hover=\u201c#6eba01\u2033 button_two_text_color__hover_enabled=\u201con\u201c button_two_text_color__hover=\u201c#6eba01\u2033 button_one_border_width__hover_enabled=\u201coff\u201c button_two_border_width__hover_enabled=\u201coff\u201c button_one_border_color__hover_enabled=\u201con\u201c button_one_border_color__hover=\u201c#ffffff\u201c button_two_border_color__hover_enabled=\u201con\u201c button_two_border_color__hover=\u201c#ffffff\u201c button_one_border_radius__hover_enabled=\u201con\u201c button_one_border_radius__hover=\u201c0\u2033 button_two_border_radius__hover_enabled=\u201con\u201c button_two_border_radius__hover=\u201c0\u2033 button_one_letter_spacing__hover_enabled=\u201con\u201c button_one_letter_spacing__hover=\u201c2\u2033 button_two_letter_spacing__hover_enabled=\u201con\u201c button_two_letter_spacing__hover=\u201c2\u2033 button_one_bg_color__hover_enabled=\u201con\u201c button_one_bg_color__hover=\u201c#ffffff\u201c button_two_bg_color__hover_enabled=\u201con\u201c button_two_bg_color__hover=\u201c#ffffff\u201c]<\/p>\n<p><span class=\"caps\">MF-GIF<\/span>, Gewer\u00adbe\u00adfl\u00e4\u00adchen, Wohnfl\u00e4\u00adchen, <span class=\"caps\">DIN<\/span>&nbsp;277\u2026<\/p>\n<p>[\/et_pb_fullwidth_header][\/et_pb_section][et_pb_section fb_built=\u201c1\u2033 _builder_version=\u201c4.16\u2033 global_colors_info=\u201c{}\u201c][et_pb_row column_structure=\u201c1_3,2_3\u2033 _builder_version=\u201c4.16\u2033 background_size=\u201cinitial\u201c background_position=\u201ctop_left\u201c background_repeat=\u201crepeat\u201c global_colors_info=\u201c{}\u201c][et_pb_column type=\u201c1_3\u2033 _builder_version=\u201c4.16\u2033 custom_\u200bpadding=\u201c|||\u201c global_\u200bcolors_\u200binfo=\u201c{}\u201c custom_padding__hover=\u201c|||\u201c][et_pb_sidebar area=\u201cet_pb_widget_area_3\u2033 module_id=\u201c#category-posts-5-internal\u201c module_class=\u201c.cat-post-thumbnail\u201c _builder_version=\u201c4.20.4\u2033 header_font=\u201c|700|||||||\u201c body_font_size=\u201c16px\u201c max_width_last_edited=\u201coff|desktop\u201c hover_enabled=\u201c0\u2033 custom_css_before=\u201cclear: both;\u201c custom_css_main_element=\u201cclear: both;\u201c custom_css_after=\u201cclear: both;\u201c custom_css_widget=\u201cclear: both;\u201c custom_css_title=\u201cclear: both;\u201c global_\u200bcolors_\u200binfo=\u201c{}\u201c sticky_enabled=\u201c0\u2033]&nbsp;<br>\n[\/et_pb_sidebar][\/et_pb_column][et_pb_column type=\u201c2_3\u2033 _builder_version=\u201c4.16\u2033 custom_\u200bpadding=\u201c|||\u201c global_\u200bcolors_\u200binfo=\u201c{}\u201c custom_padding__hover=\u201c|||\u201c][et_pb_text _builder_version=\u201c4.20.4\u2033 global_colors_info=\u201c{}\u201c]<\/p>\n<div class=\"et_post_gallery\">\n<p>Die Weiter\u00adent\u00adwick\u00adlung der <strong>gif-Richt\u00adlinie<\/strong> zu Mietfl\u00e4\u00adchen f\u00fcr Geb\u00e4ude <strong><span class=\"caps\">MF-GIF<\/span><\/strong> in 2023, die Neufas\u00adsung der <strong><span class=\"caps\">DIN<\/span>&nbsp;277 f\u00fcr Grund\u00adfl\u00e4\u00adchen im Hochbau<\/strong> in 2021, mehrere BGH-Urteile zur Anwen\u00addung der Wohnfl\u00e4\u00adchen\u00adver\u00adord\u00adnung von 2004 und die Entwick\u00adlung der gif-Richt\u00adli\u00adnien in 2012 zu <strong>Mietfl\u00e4\u00adchen f\u00fcr Wohnraum<\/strong> (vor allem in gemischt genutzten Objekten) und zu <strong>Verkaufs\u00adfl\u00e4\u00adchen im Einzel\u00adhandel<\/strong> zeigen die gro\u00dfe Bedeu\u00adtung dieser Thematik f\u00fcr den privaten und gesch\u00e4ft\u00adli\u00adchen Bereich. Dabei erfolgt h\u00e4ufig auch die Nachfrage nach unseren Leistungen aufgrund des seit 1997 erarbei\u00adteten spezi\u00adellen Sachver\u00adstandes in unserem&nbsp;B\u00fcro.<\/p>\n<p>Langj\u00e4h\u00adrige Berufs\u00ader\u00adfah\u00adrung bei Aufma\u00df, Berech\u00adnung und Dokumen\u00adta\u00adtion von Mietfl\u00e4\u00adchen f\u00fcr viele Objekte, die sachver\u00adst\u00e4n\u00addige Mitar\u00adbeit in der Kompe\u00adtenz\u00adgruppe Fl\u00e4chen\u00adde\u00adfi\u00adni\u00adtion der gif und die beson\u00addere Verpflich\u00adtung, den Beruf gewis\u00adsen\u00adhaft und unpar\u00adtei\u00adisch auszu\u00ad\u00fcben, erm\u00f6g\u00adli\u00adchen es uns, Ihnen einen <b>objek\u00adtiven Mietfl\u00e4\u00adchen\u00adnach\u00adweis f\u00fcr viele Zwecke<\/b> zu erstellen.<\/p>\n<ul class=\"et_post_gallery_center clearfix\">\n<li class=\"et_gallery_item et_pb_gallery_image\"><a title=\"Grundfl\u00e4chen nach DIN 277, Mietfl\u00e4chennachweis\" href=\"https:\/\/www.seegerundkollegen.de\/pics\/mf6.jpg\"><br><span class=\"et_portfolio_image\"><br><img loading=\"lazy\" decoding=\"async\" class=\"thumb5\" src=\"https:\/\/www.seegerundkollegen.de\/pics\/mf6_sm.jpg\" width=\"100\" height=\"100\" border=\"0\"><br><\/span><br><\/a><\/li>\n<li class=\"et_gallery_item et_pb_gallery_image\"><a title=\"B\u00fcrofl\u00e4che, Fl\u00e4chenaufma\u00df, Mietfl\u00e4che B\u00fcro\" href=\"https:\/\/www.seegerundkollegen.de\/pics\/mf3.jpg\"><br><span class=\"et_portfolio_image\"><br><img loading=\"lazy\" decoding=\"async\" class=\"thumb5\" src=\"https:\/\/www.seegerundkollegen.de\/pics\/mf3_sm.jpg\" width=\"100\" height=\"100\" border=\"0\"><br><\/span><br><\/a><\/li>\n<li class=\"et_gallery_item et_pb_gallery_image\"><a title=\"Mietfl\u00e4chenaufma\u00df, Aufma\u00df Mietfl\u00e4che\" href=\"https:\/\/www.seegerundkollegen.de\/pics\/mf2.jpg\"><br><span class=\"et_portfolio_image\"><br><img loading=\"lazy\" decoding=\"async\" class=\"thumb5\" src=\"https:\/\/www.seegerundkollegen.de\/pics\/mf2_sm.jpg\" width=\"100\" height=\"100\" border=\"0\"><br><\/span><br><\/a><\/li>\n<li class=\"et_gallery_item et_pb_gallery_image\"><a title=\"Wohnfl\u00e4che, Wohnfl\u00e4chenverordnung, Wohnungsfl\u00e4che\" href=\"https:\/\/www.seegerundkollegen.de\/pics\/mf4.jpg\"><br><span class=\"et_portfolio_image\"><br><img loading=\"lazy\" decoding=\"async\" class=\"thumb5\" src=\"https:\/\/www.seegerundkollegen.de\/pics\/mf4_sm.jpg\" width=\"100\" height=\"100\" border=\"0\"><br><\/span><br><\/a><\/li>\n<li class=\"et_gallery_item et_pb_gallery_image\"><a title=\"gif-Aufma\u00df, gif-Fl\u00e4chen, gif-Richtlinie\" href=\"https:\/\/www.seegerundkollegen.de\/pics\/mf5.jpg\"><br><span class=\"et_portfolio_image\"><br><img loading=\"lazy\" decoding=\"async\" class=\"thumb5\" src=\"https:\/\/www.seegerundkollegen.de\/pics\/mf5_sm.jpg\" width=\"100\" height=\"100\" border=\"0\"><br><\/span><br><\/a><\/li>\n<\/ul>\n<p>Gem\u00e4\u00df Beschluss des Vorstandes der gif-Gesell\u00adschaft f\u00fcr Immobi\u00adli\u00aden\u00adwirt\u00adschaft\u00adliche Forschung e.V. vom 18.09.2006 zum Arbeits\u00adkreis Fl\u00e4chen\u00adde\u00adfi\u00adni\u00adtion ist <a href=\"https:\/\/www.seegerundkollegen.de\/cms\/blog\/blaurock-dirk-vermessungsingenieur-karriere\/\">Dipl.-Ing. Dirk Blaurock<\/a> <strong>\u201eSachver\u00adst\u00e4n\u00addiger gif MF-G-Richt\u00adlinie\u201c<\/strong> (Mietfl\u00e4\u00adchen f\u00fcr gewerb\u00adli\u00adchen&nbsp;Raum).<\/p>\n<p><a href=\"https:\/\/www.seegerundkollegen.de\/cms\/blog\/blaurock-dirk-vermessungsingenieur-karriere\/\">Dipl.-Ing. Dirk Blaurock<\/a> hat die gif-Richt\u00adli\u00adnien von 2023, 2017 und 2012 mit erarbeitet und ist darin auch nament\u00adlich benannt. Er ist als Mitglied der <strong>gif-Kompe\u00adtenz\u00adgruppe Fl\u00e4chen\u00adde\u00adfi\u00adni\u00adtion<\/strong> betei\u00adligt an der Formu\u00adlie\u00adrung von Stellung\u00adnahmen zur <strong>Novel\u00adlie\u00adrung der <span class=\"caps\">DIN<\/span>&nbsp;277 <\/strong>in 2016 und in&nbsp;2021.<\/p>\n<p><a href=\"https:\/\/www.seegerundkollegen.de\/cms\/blog\/blaurock-dirk-vermessungsingenieur-karriere\/\">Herr Blaurock<\/a> ist auch benannt als einer der Verant\u00adwort\u00adli\u00adchen f\u00fcr die deutsche \u00dcberset\u00adzung in <strong>Inter\u00adna\u00adtio\u00adnale Fl\u00e4chen\u00ader\u00admitt\u00adlungs\u00adstan\u00addards f\u00fcr Immobi\u00adlien: B\u00fcroge\u00adb\u00e4ude (<span class=\"caps\">IPMS<\/span> \u2013 Inter\u00adna\u00adtional Property Measu\u00adre\u00adment Standards: Office Buildings)<\/strong>, deutsch ver\u00f6f\u00adfent\u00adlicht im Juni&nbsp;2015.<\/p>\n<p>Die Seiten dieser Rubrik enthalten Infor\u00adma\u00adtionen zu den wichtigsten Themen in den Berei\u00adchen Mietfl\u00e4\u00adchen\u00adaufma\u00df und Mietfl\u00e4chenermittlung.<\/p>\n<\/div>\n<p>[\/et_pb_text][et_pb_divider show_divider=\u201coff\u201c _builder_version=\u201c4.16\u2033 height=\u201c42px\u201c global_colors_info=\u201c{}\u201c][\/et_pb_divider][et_pb_blog posts_number=\u201c20\u2033 include_categories=\u201c5\u2033 meta_date=\u201cd. F&nbsp;Y\u201c show_more=\u201con\u201c show_author=\u201coff\u201c show_date=\u201coff\u201c show_categories=\u201coff\u201c show_pagination=\u201coff\u201c _builder_version=\u201c4.16\u2033 pagination_font_size_tablet=\u201c51\u2033 pagination_line_height_tablet=\u201c2\u2033 global_colors_info=\u201c{}\u201c]&nbsp;<br>\n[\/et_pb_blog][et_pb_image src=\u201chttps:\/\/www.seegerundkollegen.de\/cms\/wp-content\/uploads\/2023\/03\/spacer.gif\u201c title_text=\u201cspacer\u201c show_in_lightbox=\u201con\u201c _builder_version=\u201c4.19.5\u2033 _module_preset=\u201cdefault\u201c global_colors_info=\u201c{}\u201c][\/et_pb_image][\/et_pb_column][\/et_pb_row][\/et_pb_section]<\/p>\n","protected":false},"excerpt":{"rendered":"<p><span class=\"caps\">MF-GIF<\/span>, Gewer\u00adbe\u00adfl\u00e4\u00adchen, Wohnfl\u00e4\u00adchen, <span class=\"caps\">DIN<\/span>&nbsp;277\u2026&nbsp; Die Weiter\u00adent\u00adwick\u00adlung der gif-Richt\u00adlinie zu Mietfl\u00e4\u00adchen f\u00fcr Geb\u00e4ude <span class=\"caps\">MF-GIF<\/span> in 2023, die Neufas\u00adsung der <span class=\"caps\">DIN<\/span>&nbsp;277 f\u00fcr Grund\u00adfl\u00e4\u00adchen im Hochbau in 2021, mehrere BGH-Urteile zur Anwen\u00addung der Wohnfl\u00e4\u00adchen\u00adver\u00adord\u00adnung von 2004 und die Entwick\u00adlung der gif-Richt\u00adli\u00adnien in 2012 zu Mietfl\u00e4\u00adchen f\u00fcr Wohnraum (vor allem in gemischt genutzten Objekten) und zu Verkaufsfl\u00e4chen&nbsp;[\u2026]<\/p>\n","protected":false},"author":1,"featured_media":0,"parent":46536,"menu_order":0,"comment_status":"closed","ping_status":"closed","template":"","meta":{"_et_pb_use_builder":"on","_et_pb_old_content":"","_et_gb_content_width":"","wp_typography_post_enhancements_disabled":false,"footnotes":""},"class_list":["post-46673","page","type-page","status-publish","hentry"],"yoast_head":"<!-- This site is optimized with the Yoast SEO plugin v27.0 - https:\/\/yoast.com\/product\/yoast-seo-wordpress\/ -->\n<title>Mietfl\u00e4chenermittlung Leistungen - Vermessungsb\u00fcro Seeger und Kollegen<\/title>\n<meta name=\"description\" content=\"Mietfl\u00e4chenermittlung Leistungen: Aufma\u00df Mietfl\u00e4che f\u00fcr Geb\u00e4ude MF-GIF, gewerbliche R\u00e4ume MF-G, Mietfl\u00e4che B\u00fcror\u00e4ume, Mietfl\u00e4che Handelsr\u00e4ume, Verkaufsfl\u00e4che, nach MFG der gif, nach DIN 277, Aufma\u00df Wohnfl\u00e4che nach Wohnfl\u00e4chenverordnung, Gutachten - Vermessungsb\u00fcro Frankfurt am Main\" \/>\n<meta name=\"robots\" content=\"index, follow, max-snippet:-1, max-image-preview:large, max-video-preview:-1\" \/>\n<link rel=\"canonical\" href=\"https:\/\/www.seegerundkollegen.de\/cms\/leistungen\/mietflaechenermittlung-leistungen-vermessungsbuero\/\" \/>\n<meta property=\"og:locale\" content=\"de_DE\" \/>\n<meta property=\"og:type\" content=\"article\" \/>\n<meta property=\"og:title\" content=\"Mietfl\u00e4chenermittlung Leistungen - Vermessungsb\u00fcro Seeger und Kollegen\" \/>\n<meta property=\"og:description\" content=\"Mietfl\u00e4chenermittlung Leistungen: Aufma\u00df Mietfl\u00e4che f\u00fcr Geb\u00e4ude MF-GIF, gewerbliche R\u00e4ume MF-G, Mietfl\u00e4che B\u00fcror\u00e4ume, Mietfl\u00e4che Handelsr\u00e4ume, Verkaufsfl\u00e4che, nach MFG der gif, nach DIN 277, Aufma\u00df Wohnfl\u00e4che nach Wohnfl\u00e4chenverordnung, Gutachten - Vermessungsb\u00fcro Frankfurt am Main\" \/>\n<meta property=\"og:url\" content=\"https:\/\/www.seegerundkollegen.de\/cms\/leistungen\/mietflaechenermittlung-leistungen-vermessungsbuero\/\" \/>\n<meta property=\"og:site_name\" content=\"Vermessungsb\u00fcro Seeger und Kollegen\" \/>\n<meta property=\"article:modified_time\" content=\"2024-02-19T08:51:25+00:00\" \/>\n<meta property=\"og:image\" content=\"https:\/\/www.seegerundkollegen.de\/pics\/mf6_sm.jpg\" \/>\n<meta name=\"twitter:card\" content=\"summary_large_image\" \/>\n<meta name=\"twitter:label1\" content=\"Gesch\u00e4tzte Lesezeit\" \/>\n\t<meta name=\"twitter:data1\" content=\"4\u00a0Minuten\" \/>\n<script type=\"application\/ld+json\" class=\"yoast-schema-graph\">{\"@context\":\"https:\/\/schema.org\",\"@graph\":[{\"@type\":\"WebPage\",\"@id\":\"https:\/\/www.seegerundkollegen.de\/cms\/leistungen\/mietflaechenermittlung-leistungen-vermessungsbuero\/\",\"url\":\"https:\/\/www.seegerundkollegen.de\/cms\/leistungen\/mietflaechenermittlung-leistungen-vermessungsbuero\/\",\"name\":\"Mietfl\u00e4chenermittlung Leistungen - Vermessungsb\u00fcro Seeger und Kollegen\",\"isPartOf\":{\"@id\":\"https:\/\/www.seegerundkollegen.de\/cms\/#website\"},\"primaryImageOfPage\":{\"@id\":\"https:\/\/www.seegerundkollegen.de\/cms\/leistungen\/mietflaechenermittlung-leistungen-vermessungsbuero\/#primaryimage\"},\"image\":{\"@id\":\"https:\/\/www.seegerundkollegen.de\/cms\/leistungen\/mietflaechenermittlung-leistungen-vermessungsbuero\/#primaryimage\"},\"thumbnailUrl\":\"https:\/\/www.seegerundkollegen.de\/pics\/mf6_sm.jpg\",\"datePublished\":\"2017-12-06T01:26:08+00:00\",\"dateModified\":\"2024-02-19T08:51:25+00:00\",\"description\":\"Mietfl\u00e4chenermittlung Leistungen: Aufma\u00df Mietfl\u00e4che f\u00fcr Geb\u00e4ude MF-GIF, gewerbliche R\u00e4ume MF-G, Mietfl\u00e4che B\u00fcror\u00e4ume, Mietfl\u00e4che Handelsr\u00e4ume, Verkaufsfl\u00e4che, nach MFG der gif, nach DIN 277, Aufma\u00df Wohnfl\u00e4che nach Wohnfl\u00e4chenverordnung, Gutachten - Vermessungsb\u00fcro Frankfurt am Main\",\"breadcrumb\":{\"@id\":\"https:\/\/www.seegerundkollegen.de\/cms\/leistungen\/mietflaechenermittlung-leistungen-vermessungsbuero\/#breadcrumb\"},\"inLanguage\":\"de\",\"potentialAction\":[{\"@type\":\"ReadAction\",\"target\":[\"https:\/\/www.seegerundkollegen.de\/cms\/leistungen\/mietflaechenermittlung-leistungen-vermessungsbuero\/\"]}]},{\"@type\":\"ImageObject\",\"inLanguage\":\"de\",\"@id\":\"https:\/\/www.seegerundkollegen.de\/cms\/leistungen\/mietflaechenermittlung-leistungen-vermessungsbuero\/#primaryimage\",\"url\":\"https:\/\/www.seegerundkollegen.de\/pics\/mf6_sm.jpg\",\"contentUrl\":\"https:\/\/www.seegerundkollegen.de\/pics\/mf6_sm.jpg\"},{\"@type\":\"BreadcrumbList\",\"@id\":\"https:\/\/www.seegerundkollegen.de\/cms\/leistungen\/mietflaechenermittlung-leistungen-vermessungsbuero\/#breadcrumb\",\"itemListElement\":[{\"@type\":\"ListItem\",\"position\":1,\"name\":\"Startseite\",\"item\":\"https:\/\/www.seegerundkollegen.de\/cms\/\"},{\"@type\":\"ListItem\",\"position\":2,\"name\":\"Leistungen *FOR MENU ONLY*\",\"item\":\"https:\/\/www.seegerundkollegen.de\/cms\/leistungen\/\"},{\"@type\":\"ListItem\",\"position\":3,\"name\":\"Mietfl\u00e4chenermittlung\"}]},{\"@type\":\"WebSite\",\"@id\":\"https:\/\/www.seegerundkollegen.de\/cms\/#website\",\"url\":\"https:\/\/www.seegerundkollegen.de\/cms\/\",\"name\":\"Vermessungsb\u00fcro Seeger und Kollegen\",\"description\":\"\u00d6ffentlich bestellte Vermessungsingenieure, Beratende Ingenieure\",\"publisher\":{\"@id\":\"https:\/\/www.seegerundkollegen.de\/cms\/#organization\"},\"potentialAction\":[{\"@type\":\"SearchAction\",\"target\":{\"@type\":\"EntryPoint\",\"urlTemplate\":\"https:\/\/www.seegerundkollegen.de\/cms\/?s={search_term_string}\"},\"query-input\":{\"@type\":\"PropertyValueSpecification\",\"valueRequired\":true,\"valueName\":\"search_term_string\"}}],\"inLanguage\":\"de\"},{\"@type\":\"Organization\",\"@id\":\"https:\/\/www.seegerundkollegen.de\/cms\/#organization\",\"name\":\"Vermessungsb\u00fcro Seeger und Kollegen\",\"url\":\"https:\/\/www.seegerundkollegen.de\/cms\/\",\"logo\":{\"@type\":\"ImageObject\",\"inLanguage\":\"de\",\"@id\":\"https:\/\/www.seegerundkollegen.de\/cms\/#\/schema\/logo\/image\/\",\"url\":\"https:\/\/www.seegerundkollegen.de\/cms\/wp-content\/uploads\/2018\/01\/suk_logo4divi_draft2.png\",\"contentUrl\":\"https:\/\/www.seegerundkollegen.de\/cms\/wp-content\/uploads\/2018\/01\/suk_logo4divi_draft2.png\",\"width\":320,\"height\":90,\"caption\":\"Vermessungsb\u00fcro Seeger und Kollegen\"},\"image\":{\"@id\":\"https:\/\/www.seegerundkollegen.de\/cms\/#\/schema\/logo\/image\/\"}}]}<\/script>\n<!-- \/ Yoast SEO plugin. -->","yoast_head_json":{"title":"Mietfl\u00e4chenermittlung Leistungen - Vermessungsb\u00fcro Seeger und Kollegen","description":"Mietfl\u00e4chenermittlung Leistungen: Aufma\u00df Mietfl\u00e4che f\u00fcr Geb\u00e4ude MF-GIF, gewerbliche R\u00e4ume MF-G, Mietfl\u00e4che B\u00fcror\u00e4ume, Mietfl\u00e4che Handelsr\u00e4ume, Verkaufsfl\u00e4che, nach MFG der gif, nach DIN 277, Aufma\u00df Wohnfl\u00e4che nach Wohnfl\u00e4chenverordnung, Gutachten - Vermessungsb\u00fcro Frankfurt am Main","robots":{"index":"index","follow":"follow","max-snippet":"max-snippet:-1","max-image-preview":"max-image-preview:large","max-video-preview":"max-video-preview:-1"},"canonical":"https:\/\/www.seegerundkollegen.de\/cms\/leistungen\/mietflaechenermittlung-leistungen-vermessungsbuero\/","og_locale":"de_DE","og_type":"article","og_title":"Mietfl\u00e4chenermittlung Leistungen - Vermessungsb\u00fcro Seeger und Kollegen","og_description":"Mietfl\u00e4chenermittlung Leistungen: Aufma\u00df Mietfl\u00e4che f\u00fcr Geb\u00e4ude MF-GIF, gewerbliche R\u00e4ume MF-G, Mietfl\u00e4che B\u00fcror\u00e4ume, Mietfl\u00e4che Handelsr\u00e4ume, Verkaufsfl\u00e4che, nach MFG der gif, nach DIN 277, Aufma\u00df Wohnfl\u00e4che nach Wohnfl\u00e4chenverordnung, Gutachten - Vermessungsb\u00fcro Frankfurt am Main","og_url":"https:\/\/www.seegerundkollegen.de\/cms\/leistungen\/mietflaechenermittlung-leistungen-vermessungsbuero\/","og_site_name":"Vermessungsb\u00fcro Seeger und Kollegen","article_modified_time":"2024-02-19T08:51:25+00:00","og_image":[{"url":"https:\/\/www.seegerundkollegen.de\/pics\/mf6_sm.jpg","type":"","width":"","height":""}],"twitter_card":"summary_large_image","twitter_misc":{"Gesch\u00e4tzte Lesezeit":"4\u00a0Minuten"},"schema":{"@context":"https:\/\/schema.org","@graph":[{"@type":"WebPage","@id":"https:\/\/www.seegerundkollegen.de\/cms\/leistungen\/mietflaechenermittlung-leistungen-vermessungsbuero\/","url":"https:\/\/www.seegerundkollegen.de\/cms\/leistungen\/mietflaechenermittlung-leistungen-vermessungsbuero\/","name":"Mietfl\u00e4chenermittlung Leistungen - Vermessungsb\u00fcro Seeger und Kollegen","isPartOf":{"@id":"https:\/\/www.seegerundkollegen.de\/cms\/#website"},"primaryImageOfPage":{"@id":"https:\/\/www.seegerundkollegen.de\/cms\/leistungen\/mietflaechenermittlung-leistungen-vermessungsbuero\/#primaryimage"},"image":{"@id":"https:\/\/www.seegerundkollegen.de\/cms\/leistungen\/mietflaechenermittlung-leistungen-vermessungsbuero\/#primaryimage"},"thumbnailUrl":"https:\/\/www.seegerundkollegen.de\/pics\/mf6_sm.jpg","datePublished":"2017-12-06T01:26:08+00:00","dateModified":"2024-02-19T08:51:25+00:00","description":"Mietfl\u00e4chenermittlung Leistungen: Aufma\u00df Mietfl\u00e4che f\u00fcr Geb\u00e4ude MF-GIF, gewerbliche R\u00e4ume MF-G, Mietfl\u00e4che B\u00fcror\u00e4ume, Mietfl\u00e4che Handelsr\u00e4ume, Verkaufsfl\u00e4che, nach MFG der gif, nach DIN 277, Aufma\u00df Wohnfl\u00e4che nach Wohnfl\u00e4chenverordnung, Gutachten - Vermessungsb\u00fcro Frankfurt am Main","breadcrumb":{"@id":"https:\/\/www.seegerundkollegen.de\/cms\/leistungen\/mietflaechenermittlung-leistungen-vermessungsbuero\/#breadcrumb"},"inLanguage":"de","potentialAction":[{"@type":"ReadAction","target":["https:\/\/www.seegerundkollegen.de\/cms\/leistungen\/mietflaechenermittlung-leistungen-vermessungsbuero\/"]}]},{"@type":"ImageObject","inLanguage":"de","@id":"https:\/\/www.seegerundkollegen.de\/cms\/leistungen\/mietflaechenermittlung-leistungen-vermessungsbuero\/#primaryimage","url":"https:\/\/www.seegerundkollegen.de\/pics\/mf6_sm.jpg","contentUrl":"https:\/\/www.seegerundkollegen.de\/pics\/mf6_sm.jpg"},{"@type":"BreadcrumbList","@id":"https:\/\/www.seegerundkollegen.de\/cms\/leistungen\/mietflaechenermittlung-leistungen-vermessungsbuero\/#breadcrumb","itemListElement":[{"@type":"ListItem","position":1,"name":"Startseite","item":"https:\/\/www.seegerundkollegen.de\/cms\/"},{"@type":"ListItem","position":2,"name":"Leistungen *FOR MENU ONLY*","item":"https:\/\/www.seegerundkollegen.de\/cms\/leistungen\/"},{"@type":"ListItem","position":3,"name":"Mietfl\u00e4chenermittlung"}]},{"@type":"WebSite","@id":"https:\/\/www.seegerundkollegen.de\/cms\/#website","url":"https:\/\/www.seegerundkollegen.de\/cms\/","name":"Vermessungsb\u00fcro Seeger und Kollegen","description":"\u00d6ffentlich bestellte Vermessungsingenieure, Beratende Ingenieure","publisher":{"@id":"https:\/\/www.seegerundkollegen.de\/cms\/#organization"},"potentialAction":[{"@type":"SearchAction","target":{"@type":"EntryPoint","urlTemplate":"https:\/\/www.seegerundkollegen.de\/cms\/?s={search_term_string}"},"query-input":{"@type":"PropertyValueSpecification","valueRequired":true,"valueName":"search_term_string"}}],"inLanguage":"de"},{"@type":"Organization","@id":"https:\/\/www.seegerundkollegen.de\/cms\/#organization","name":"Vermessungsb\u00fcro Seeger und Kollegen","url":"https:\/\/www.seegerundkollegen.de\/cms\/","logo":{"@type":"ImageObject","inLanguage":"de","@id":"https:\/\/www.seegerundkollegen.de\/cms\/#\/schema\/logo\/image\/","url":"https:\/\/www.seegerundkollegen.de\/cms\/wp-content\/uploads\/2018\/01\/suk_logo4divi_draft2.png","contentUrl":"https:\/\/www.seegerundkollegen.de\/cms\/wp-content\/uploads\/2018\/01\/suk_logo4divi_draft2.png","width":320,"height":90,"caption":"Vermessungsb\u00fcro Seeger und Kollegen"},"image":{"@id":"https:\/\/www.seegerundkollegen.de\/cms\/#\/schema\/logo\/image\/"}}]}},"_links":{"self":[{"href":"https:\/\/www.seegerundkollegen.de\/cms\/wp-json\/wp\/v2\/pages\/46673","targetHints":{"allow":["GET"]}}],"collection":[{"href":"https:\/\/www.seegerundkollegen.de\/cms\/wp-json\/wp\/v2\/pages"}],"about":[{"href":"https:\/\/www.seegerundkollegen.de\/cms\/wp-json\/wp\/v2\/types\/page"}],"author":[{"embeddable":true,"href":"https:\/\/www.seegerundkollegen.de\/cms\/wp-json\/wp\/v2\/users\/1"}],"replies":[{"embeddable":true,"href":"https:\/\/www.seegerundkollegen.de\/cms\/wp-json\/wp\/v2\/comments?post=46673"}],"version-history":[{"count":32,"href":"https:\/\/www.seegerundkollegen.de\/cms\/wp-json\/wp\/v2\/pages\/46673\/revisions"}],"predecessor-version":[{"id":48976,"href":"https:\/\/www.seegerundkollegen.de\/cms\/wp-json\/wp\/v2\/pages\/46673\/revisions\/48976"}],"up":[{"embeddable":true,"href":"https:\/\/www.seegerundkollegen.de\/cms\/wp-json\/wp\/v2\/pages\/46536"}],"wp:attachment":[{"href":"https:\/\/www.seegerundkollegen.de\/cms\/wp-json\/wp\/v2\/media?parent=46673"}],"curies":[{"name":"wp","href":"https:\/\/api.w.org\/{rel}","templated":true}]}}