{"id":46668,"date":"2017-12-06T02:23:29","date_gmt":"2017-12-06T01:23:29","guid":{"rendered":"http:\/\/divitest2.mediatects.de\/?page_id=46668"},"modified":"2023-03-05T22:24:26","modified_gmt":"2023-03-05T21:24:26","slug":"entwurfs-bauvermessung-leistungen-vermessungsbuero","status":"publish","type":"page","link":"https:\/\/www.seegerundkollegen.de\/cms\/leistungen\/entwurfs-bauvermessung-leistungen-vermessungsbuero\/","title":{"rendered":"Entwurfs- \/ Bauvermessung"},"content":{"rendered":"<p>[et_\u200bpb_\u200bsection fb_built=\u201c1\u2033 fullwidth=\u201con\u201c admin_label=\u201cPage Header\u201c _builder_version=\u201c4.16\u2033 background_image=\u201chttps:\/\/www.seegerundkollegen.de\/cms\/wp-content\/uploads\/2018\/03\/<span class=\"caps\">IMG_0219<\/span>.jpg\u201c parallax=\u201con\u201c animation_direction=\u201ctop\u201c global_colors_info=\u201c{}\u201c][et_pb_fullwidth_header title=\u201cEntwurfs- \/ Bauver\u00admes\u00adsung\u201c text_orientation=\u201ccenter\u201c admin_label=\u201cHero Section\u201c _builder_version=\u201c4.16\u2033 title_font=\u201c|700|||||||\u201c title_font_size=\u201c50px\u201c title_line_height=\u201c1.4em\u201c content_font_size=\u201c22px\u201c content_line_height=\u201c1.8em\u201c subhead_\u200bfont=\u201c||||\u201c background_color=\u201crgba(255, 255, 255, 0)\u201c use_background_color_gradient=\u201con\u201c background_color_gradient_stops=\u201crgba(58,52,226,0.93) 0%|rgba(73,108,220,0.7) 100%\u201c background_color_gradient_start=\u201crgba(58,52,226,0.93)\u201c background_color_gradient_end=\u201crgba(73,108,220,0.7)\u201c background_size=\u201cinitial\u201c background_position=\u201ctop_left\u201c background_repeat=\u201crepeat\u201c custom_button_one=\u201con\u201c button_one_text_size=\u201c16px\u201c button_one_bg_color=\u201c#6eba01\u2033 button_one_border_color=\u201c#6eba01\u2033 button_one_border_radius=\u201c0\u2033 button_one_letter_spacing=\u201c2\u2033 button_one_font=\u201cMontserrat|||on|\u201c button_one_use_icon=\u201coff\u201c custom_button_two=\u201con\u201c button_two_text_size=\u201c16px\u201c button_two_border_color=\u201c#ffffff\u201c button_two_border_radius=\u201c0\u2033 button_two_letter_spacing=\u201c2\u2033 button_two_font=\u201cMontserrat|||on|\u201c button_two_use_icon=\u201coff\u201c module_alignment=\u201cleft\u201c animation_style=\u201cfade\u201c title_font_size_tablet=\u201c40px\u201c title_font_size_phone=\u201c30px\u201c title_font_size_last_edited=\u201con|phone\u201c title_text_shadow_style=\u201cpreset2\u2033 button_one_text_color_hover=\u201c#6eba01\u2033 button_two_text_color_hover=\u201c#6eba01\u2033 button_one_border_color_hover=\u201c#ffffff\u201c button_two_border_color_hover=\u201c#ffffff\u201c button_one_border_radius_hover=\u201c0\u2033 button_two_border_radius_hover=\u201c0\u2033 button_one_letter_spacing_hover=\u201c2\u2033 button_two_letter_spacing_hover=\u201c2\u2033 button_one_bg_color_hover=\u201c#ffffff\u201c button_two_bg_color_hover=\u201c#ffffff\u201c global_\u200bcolors_\u200binfo=\u201c{}\u201c button_one_text_size__hover_enabled=\u201coff\u201c button_two_text_size__hover_enabled=\u201coff\u201c button_one_text_color__hover_enabled=\u201con\u201c button_one_text_color__hover=\u201c#6eba01\u2033 button_two_text_color__hover_enabled=\u201con\u201c button_two_text_color__hover=\u201c#6eba01\u2033 button_one_border_width__hover_enabled=\u201coff\u201c button_two_border_width__hover_enabled=\u201coff\u201c button_one_border_color__hover_enabled=\u201con\u201c button_one_border_color__hover=\u201c#ffffff\u201c button_two_border_color__hover_enabled=\u201con\u201c button_two_border_color__hover=\u201c#ffffff\u201c button_one_border_radius__hover_enabled=\u201con\u201c button_one_border_radius__hover=\u201c0\u2033 button_two_border_radius__hover_enabled=\u201con\u201c button_two_border_radius__hover=\u201c0\u2033 button_one_letter_spacing__hover_enabled=\u201con\u201c button_one_letter_spacing__hover=\u201c2\u2033 button_two_letter_spacing__hover_enabled=\u201con\u201c button_two_letter_spacing__hover=\u201c2\u2033 button_one_bg_color__hover_enabled=\u201con\u201c button_one_bg_color__hover=\u201c#ffffff\u201c button_two_bg_color__hover_enabled=\u201con\u201c button_two_bg_color__hover=\u201c#ffffff\u201c]&nbsp;<br>\n[\/et_pb_fullwidth_header][\/et_pb_section][et_pb_section fb_built=\u201c1\u2033 _builder_version=\u201c4.16\u2033 global_colors_info=\u201c{}\u201c][et_pb_row column_structure=\u201c1_3,2_3\u2033 _builder_version=\u201c4.16\u2033 background_size=\u201cinitial\u201c background_position=\u201ctop_left\u201c background_repeat=\u201crepeat\u201c global_colors_info=\u201c{}\u201c][et_pb_column type=\u201c1_3\u2033 _builder_version=\u201c4.16\u2033 custom_\u200bpadding=\u201c|||\u201c global_\u200bcolors_\u200binfo=\u201c{}\u201c custom_padding__hover=\u201c|||\u201c][et_pb_sidebar area=\u201cet_pb_widget_area_2\u2033 _builder_version=\u201c4.16\u2033 global_colors_info=\u201c{}\u201c]&nbsp;<br>\n[\/et_pb_sidebar][\/et_pb_column][et_pb_column type=\u201c2_3\u2033 _builder_version=\u201c4.16\u2033 custom_\u200bpadding=\u201c|||\u201c global_\u200bcolors_\u200binfo=\u201c{}\u201c custom_padding__hover=\u201c|||\u201c][et_pb_text _builder_version=\u201c4.16\u2033 global_colors_info=\u201c{}\u201c]<\/p>\n<div class=\"et_post_gallery\">\n<p>Entwurfs\u00adver\u00admes\u00adsung und Bauver\u00admes\u00adsung sind grund\u00adle\u00adgende vermes\u00adsungs\u00adtech\u00adni\u00adsche Leistungen.<\/p>\n<p>Die Entwurfs\u00adver\u00admes\u00adsung (auch: Planungs\u00adbe\u00adglei\u00adtende Vermes\u00adsung) umfasst die Vermes\u00adsungs\u00adleis\u00adtungen f\u00fcr die Planung und den Entwurf von Geb\u00e4uden, Ingenieur\u00adbau\u00adwerken, Verkehrs\u00adan\u00adlagen sowie f\u00fcr Fl\u00e4chenplanungen.<\/p>\n<p>Bauver\u00admes\u00adsung wird ben\u00f6tigt f\u00fcr den Bau und die abschlie\u00ad\u00dfende Bestands\u00addo\u00adku\u00admen\u00adta\u00adtion von Geb\u00e4uden, Ingenieur\u00adbau\u00adwerken und Verkehrsanlagen.<\/p>\n<ul class=\"et_post_gallery_center clearfix\">\n<li class=\"et_gallery_item et_pb_gallery_image\">\n<a title=\"Bauvermessung, Absteckung\" href=\"https:\/\/www.seegerundkollegen.de\/pics\/entw1.jpg\"><br>\n<span class=\"et_portfolio_image\"><br>\n<img loading=\"lazy\" decoding=\"async\" class=\"thumb5\" src=\"https:\/\/www.seegerundkollegen.de\/pics\/entw1_sm.jpg\" width=\"100\" height=\"100\" border=\"0\"><br>\n<\/span><br>\n<\/a>\n<\/li>\n<li class=\"et_gallery_item et_pb_gallery_image\">\n<a title=\"Vermessung Baugrube, Verbaukontrolle\" href=\"https:\/\/www.seegerundkollegen.de\/pics\/entw2.jpg\"><br>\n<span class=\"et_portfolio_image\"><br>\n<img loading=\"lazy\" decoding=\"async\" class=\"thumb5\" src=\"https:\/\/www.seegerundkollegen.de\/pics\/entw2_sm.jpg\" width=\"100\" height=\"100\" border=\"0\"><br>\n<\/span><br>\n<\/a>\n<\/li>\n<li class=\"et_gallery_item et_pb_gallery_image\">\n<a title=\"Geschossabsteckung, Bauwerks\u00fcberwachung\" href=\"https:\/\/www.seegerundkollegen.de\/pics\/entw3.jpg\"><br>\n<span class=\"et_portfolio_image\"><br>\n<img loading=\"lazy\" decoding=\"async\" class=\"thumb5\" src=\"https:\/\/www.seegerundkollegen.de\/pics\/entw3_sm.jpg\" width=\"100\" height=\"100\" border=\"0\"><br>\n<\/span><br>\n<\/a>\n<\/li>\n<li class=\"et_gallery_item et_pb_gallery_image\">\n<a title=\"Entwurfsvermessung, Bestandsplan\" href=\"https:\/\/www.seegerundkollegen.de\/pics\/entw4.jpg\"><br>\n<span class=\"et_portfolio_image\"><br>\n<img loading=\"lazy\" decoding=\"async\" class=\"thumb5\" src=\"https:\/\/www.seegerundkollegen.de\/pics\/entw4_sm.jpg\" width=\"100\" height=\"100\" border=\"0\"><br>\n<\/span><br>\n<\/a>\n<\/li>\n<li class=\"et_gallery_item et_pb_gallery_image\">\n<a title=\"Bauausf\u00fchrungsvermessung, Bauachsen, Meterrisse\" href=\"https:\/\/www.seegerundkollegen.de\/pics\/entw5.jpg\"><br>\n<span class=\"et_portfolio_image\"><br>\n<img loading=\"lazy\" decoding=\"async\" class=\"thumb5\" src=\"https:\/\/www.seegerundkollegen.de\/pics\/entw5_sm.JPG\" width=\"100\" height=\"100\" border=\"0\"><br>\n<\/span><br>\n<\/a>\n<\/li>\n<\/ul>\n<\/div>\n<p>[\/et_pb_text][et_pb_divider show_divider=\u201coff\u201c _builder_version=\u201c4.16\u2033 height=\u201c42px\u201c global_colors_info=\u201c{}\u201c][\/et_pb_divider][et_pb_blog posts_number=\u201c20\u2033 include_categories=\u201c2\u2033 meta_date=\u201cd. F&nbsp;Y\u201c show_more=\u201con\u201c show_author=\u201coff\u201c show_date=\u201coff\u201c show_categories=\u201coff\u201c show_pagination=\u201coff\u201c use_overlay=\u201con\u201c overlay_icon_color=\u201c#4e5ed0\u2033 hover_icon=\u201c\ue005||divi||400\u2033 _builder_version=\u201c4.16\u2033 pagination_font_size_tablet=\u201c51\u2033 pagination_line_height_tablet=\u201c2\u2033 global_colors_info=\u201c{}\u201c]&nbsp;<br>\n[\/et_pb_blog][et_pb_image src=\u201chttps:\/\/www.seegerundkollegen.de\/cms\/wp-content\/uploads\/2023\/03\/spacer.gif\u201c title_text=\u201cspacer\u201c show_in_lightbox=\u201con\u201c _builder_version=\u201c4.19.5\u2033 _module_preset=\u201cdefault\u201c global_\u200bcolors_\u200binfo=\u201c{}\u201c theme_builder_area=\u201cpost_content\u201c][\/et_pb_image][\/et_pb_column][\/et_pb_row][\/et_pb_section]<\/p>\n","protected":false},"excerpt":{"rendered":"<p>&nbsp; &nbsp; Entwurfs\u00adver\u00admes\u00adsung und Bauver\u00admes\u00adsung sind grund\u00adle\u00adgende vermes\u00adsungs\u00adtech\u00adni\u00adsche Leistungen. Die Entwurfs\u00adver\u00admes\u00adsung (auch: Planungs\u00adbe\u00adglei\u00adtende Vermes\u00adsung) umfasst die Vermes\u00adsungs\u00adleis\u00adtungen f\u00fcr die Planung und den Entwurf von Geb\u00e4uden, Ingenieur\u00adbau\u00adwerken, Verkehrs\u00adan\u00adlagen sowie f\u00fcr Fl\u00e4chen\u00adpla\u00adnungen. Bauver\u00admes\u00adsung wird ben\u00f6tigt f\u00fcr den Bau und die abschlie\u00ad\u00dfende Bestands\u00addo\u00adku\u00admen\u00adta\u00adtion von Geb\u00e4uden, Ingenieur\u00adbau\u00adwerken und Verkehrsanlagen.&nbsp;<\/p>\n","protected":false},"author":1,"featured_media":0,"parent":46536,"menu_order":0,"comment_status":"closed","ping_status":"closed","template":"","meta":{"_et_pb_use_builder":"on","_et_pb_old_content":"<p>[et_pb_section bb_built=\"1\"][et_pb_row][\/et_pb_row][\/et_pb_section]<\/p>","_et_gb_content_width":"","wp_typography_post_enhancements_disabled":false,"footnotes":""},"class_list":["post-46668","page","type-page","status-publish","hentry"],"yoast_head":"<!-- This site is optimized with the Yoast SEO plugin v27.0 - https:\/\/yoast.com\/product\/yoast-seo-wordpress\/ -->\n<title>Entwurfs- \/ Bauvermessung Leistungen - Vermessungsb\u00fcro Seeger und Kollegen<\/title>\n<meta name=\"description\" content=\"Entwurfsvermessung Bauvermessung Leistungen: Bestandsplan, Aufma\u00df, Ma\u00dfermittlung, Digitales Gel\u00e4ndemodell DGM, Erdmassenermittlung, Gel\u00e4ndeschnitte, H\u00f6henbestimmung Dach First Traufe, Liegenschaftsplan \/ Lageplan zum Bauantrag, Abstandsfl\u00e4chenplan, Ortsvergleich, Projekteintrag, Nachweise Geb\u00e4udegrundfl\u00e4chen, Grobabsteckung Aushub Baugrube und Schnurger\u00fcste, Absteckung Verbau, Projektabsteckung, Feinabsteckung, Bescheinigung f\u00fcr Bauaufsichtsbeh\u00f6rde, H\u00f6henantrag f\u00fcr die Bauausf\u00fchrung, Abstecken Bauachsen, Achs\u00fcbertragungen, Achsabsteckung, Antragen Meterrisse - Vermessungsb\u00fcro Frankfurt am Main\" \/>\n<meta name=\"robots\" content=\"index, follow, max-snippet:-1, max-image-preview:large, max-video-preview:-1\" \/>\n<link rel=\"canonical\" href=\"https:\/\/www.seegerundkollegen.de\/cms\/leistungen\/entwurfs-bauvermessung-leistungen-vermessungsbuero\/\" \/>\n<meta property=\"og:locale\" content=\"de_DE\" \/>\n<meta property=\"og:type\" content=\"article\" \/>\n<meta property=\"og:title\" content=\"Entwurfs- \/ Bauvermessung Leistungen - Vermessungsb\u00fcro Seeger und Kollegen\" \/>\n<meta property=\"og:description\" content=\"Entwurfsvermessung Bauvermessung Leistungen: Bestandsplan, Aufma\u00df, Ma\u00dfermittlung, Digitales Gel\u00e4ndemodell DGM, Erdmassenermittlung, Gel\u00e4ndeschnitte, H\u00f6henbestimmung Dach First Traufe, Liegenschaftsplan \/ Lageplan zum Bauantrag, Abstandsfl\u00e4chenplan, Ortsvergleich, Projekteintrag, Nachweise Geb\u00e4udegrundfl\u00e4chen, Grobabsteckung Aushub Baugrube und Schnurger\u00fcste, Absteckung Verbau, Projektabsteckung, Feinabsteckung, Bescheinigung f\u00fcr Bauaufsichtsbeh\u00f6rde, H\u00f6henantrag f\u00fcr die Bauausf\u00fchrung, Abstecken Bauachsen, Achs\u00fcbertragungen, Achsabsteckung, Antragen Meterrisse - Vermessungsb\u00fcro Frankfurt am Main\" \/>\n<meta property=\"og:url\" content=\"https:\/\/www.seegerundkollegen.de\/cms\/leistungen\/entwurfs-bauvermessung-leistungen-vermessungsbuero\/\" \/>\n<meta property=\"og:site_name\" content=\"Vermessungsb\u00fcro Seeger und Kollegen\" \/>\n<meta property=\"article:modified_time\" content=\"2023-03-05T21:24:26+00:00\" \/>\n<meta property=\"og:image\" content=\"https:\/\/www.seegerundkollegen.de\/pics\/entw1_sm.jpg\" \/>\n<meta name=\"twitter:card\" content=\"summary_large_image\" \/>\n<meta name=\"twitter:label1\" content=\"Gesch\u00e4tzte Lesezeit\" \/>\n\t<meta name=\"twitter:data1\" content=\"2\u00a0Minuten\" \/>\n<script type=\"application\/ld+json\" class=\"yoast-schema-graph\">{\"@context\":\"https:\/\/schema.org\",\"@graph\":[{\"@type\":\"WebPage\",\"@id\":\"https:\/\/www.seegerundkollegen.de\/cms\/leistungen\/entwurfs-bauvermessung-leistungen-vermessungsbuero\/\",\"url\":\"https:\/\/www.seegerundkollegen.de\/cms\/leistungen\/entwurfs-bauvermessung-leistungen-vermessungsbuero\/\",\"name\":\"Entwurfs- \/ Bauvermessung Leistungen - Vermessungsb\u00fcro Seeger und Kollegen\",\"isPartOf\":{\"@id\":\"https:\/\/www.seegerundkollegen.de\/cms\/#website\"},\"primaryImageOfPage\":{\"@id\":\"https:\/\/www.seegerundkollegen.de\/cms\/leistungen\/entwurfs-bauvermessung-leistungen-vermessungsbuero\/#primaryimage\"},\"image\":{\"@id\":\"https:\/\/www.seegerundkollegen.de\/cms\/leistungen\/entwurfs-bauvermessung-leistungen-vermessungsbuero\/#primaryimage\"},\"thumbnailUrl\":\"https:\/\/www.seegerundkollegen.de\/pics\/entw1_sm.jpg\",\"datePublished\":\"2017-12-06T01:23:29+00:00\",\"dateModified\":\"2023-03-05T21:24:26+00:00\",\"description\":\"Entwurfsvermessung Bauvermessung Leistungen: Bestandsplan, Aufma\u00df, Ma\u00dfermittlung, Digitales Gel\u00e4ndemodell DGM, Erdmassenermittlung, Gel\u00e4ndeschnitte, H\u00f6henbestimmung Dach First Traufe, Liegenschaftsplan \/ Lageplan zum Bauantrag, Abstandsfl\u00e4chenplan, Ortsvergleich, Projekteintrag, Nachweise Geb\u00e4udegrundfl\u00e4chen, Grobabsteckung Aushub Baugrube und Schnurger\u00fcste, Absteckung Verbau, Projektabsteckung, Feinabsteckung, Bescheinigung f\u00fcr Bauaufsichtsbeh\u00f6rde, H\u00f6henantrag f\u00fcr die Bauausf\u00fchrung, Abstecken Bauachsen, Achs\u00fcbertragungen, Achsabsteckung, Antragen Meterrisse - Vermessungsb\u00fcro Frankfurt am Main\",\"breadcrumb\":{\"@id\":\"https:\/\/www.seegerundkollegen.de\/cms\/leistungen\/entwurfs-bauvermessung-leistungen-vermessungsbuero\/#breadcrumb\"},\"inLanguage\":\"de\",\"potentialAction\":[{\"@type\":\"ReadAction\",\"target\":[\"https:\/\/www.seegerundkollegen.de\/cms\/leistungen\/entwurfs-bauvermessung-leistungen-vermessungsbuero\/\"]}]},{\"@type\":\"ImageObject\",\"inLanguage\":\"de\",\"@id\":\"https:\/\/www.seegerundkollegen.de\/cms\/leistungen\/entwurfs-bauvermessung-leistungen-vermessungsbuero\/#primaryimage\",\"url\":\"https:\/\/www.seegerundkollegen.de\/pics\/entw1_sm.jpg\",\"contentUrl\":\"https:\/\/www.seegerundkollegen.de\/pics\/entw1_sm.jpg\"},{\"@type\":\"BreadcrumbList\",\"@id\":\"https:\/\/www.seegerundkollegen.de\/cms\/leistungen\/entwurfs-bauvermessung-leistungen-vermessungsbuero\/#breadcrumb\",\"itemListElement\":[{\"@type\":\"ListItem\",\"position\":1,\"name\":\"Startseite\",\"item\":\"https:\/\/www.seegerundkollegen.de\/cms\/\"},{\"@type\":\"ListItem\",\"position\":2,\"name\":\"Leistungen *FOR MENU ONLY*\",\"item\":\"https:\/\/www.seegerundkollegen.de\/cms\/leistungen\/\"},{\"@type\":\"ListItem\",\"position\":3,\"name\":\"Entwurfs- \/ Bauvermessung\"}]},{\"@type\":\"WebSite\",\"@id\":\"https:\/\/www.seegerundkollegen.de\/cms\/#website\",\"url\":\"https:\/\/www.seegerundkollegen.de\/cms\/\",\"name\":\"Vermessungsb\u00fcro Seeger und Kollegen\",\"description\":\"\u00d6ffentlich bestellte Vermessungsingenieure, Beratende Ingenieure\",\"publisher\":{\"@id\":\"https:\/\/www.seegerundkollegen.de\/cms\/#organization\"},\"potentialAction\":[{\"@type\":\"SearchAction\",\"target\":{\"@type\":\"EntryPoint\",\"urlTemplate\":\"https:\/\/www.seegerundkollegen.de\/cms\/?s={search_term_string}\"},\"query-input\":{\"@type\":\"PropertyValueSpecification\",\"valueRequired\":true,\"valueName\":\"search_term_string\"}}],\"inLanguage\":\"de\"},{\"@type\":\"Organization\",\"@id\":\"https:\/\/www.seegerundkollegen.de\/cms\/#organization\",\"name\":\"Vermessungsb\u00fcro Seeger und Kollegen\",\"url\":\"https:\/\/www.seegerundkollegen.de\/cms\/\",\"logo\":{\"@type\":\"ImageObject\",\"inLanguage\":\"de\",\"@id\":\"https:\/\/www.seegerundkollegen.de\/cms\/#\/schema\/logo\/image\/\",\"url\":\"https:\/\/www.seegerundkollegen.de\/cms\/wp-content\/uploads\/2018\/01\/suk_logo4divi_draft2.png\",\"contentUrl\":\"https:\/\/www.seegerundkollegen.de\/cms\/wp-content\/uploads\/2018\/01\/suk_logo4divi_draft2.png\",\"width\":320,\"height\":90,\"caption\":\"Vermessungsb\u00fcro Seeger und Kollegen\"},\"image\":{\"@id\":\"https:\/\/www.seegerundkollegen.de\/cms\/#\/schema\/logo\/image\/\"}}]}<\/script>\n<!-- \/ Yoast SEO plugin. -->","yoast_head_json":{"title":"Entwurfs- \/ Bauvermessung Leistungen - Vermessungsb\u00fcro Seeger und Kollegen","description":"Entwurfsvermessung Bauvermessung Leistungen: Bestandsplan, Aufma\u00df, Ma\u00dfermittlung, Digitales Gel\u00e4ndemodell DGM, Erdmassenermittlung, Gel\u00e4ndeschnitte, H\u00f6henbestimmung Dach First Traufe, Liegenschaftsplan \/ Lageplan zum Bauantrag, Abstandsfl\u00e4chenplan, Ortsvergleich, Projekteintrag, Nachweise Geb\u00e4udegrundfl\u00e4chen, Grobabsteckung Aushub Baugrube und Schnurger\u00fcste, Absteckung Verbau, Projektabsteckung, Feinabsteckung, Bescheinigung f\u00fcr Bauaufsichtsbeh\u00f6rde, H\u00f6henantrag f\u00fcr die Bauausf\u00fchrung, Abstecken Bauachsen, Achs\u00fcbertragungen, Achsabsteckung, Antragen Meterrisse - Vermessungsb\u00fcro Frankfurt am Main","robots":{"index":"index","follow":"follow","max-snippet":"max-snippet:-1","max-image-preview":"max-image-preview:large","max-video-preview":"max-video-preview:-1"},"canonical":"https:\/\/www.seegerundkollegen.de\/cms\/leistungen\/entwurfs-bauvermessung-leistungen-vermessungsbuero\/","og_locale":"de_DE","og_type":"article","og_title":"Entwurfs- \/ Bauvermessung Leistungen - Vermessungsb\u00fcro Seeger und Kollegen","og_description":"Entwurfsvermessung Bauvermessung Leistungen: Bestandsplan, Aufma\u00df, Ma\u00dfermittlung, Digitales Gel\u00e4ndemodell DGM, Erdmassenermittlung, Gel\u00e4ndeschnitte, H\u00f6henbestimmung Dach First Traufe, Liegenschaftsplan \/ Lageplan zum Bauantrag, Abstandsfl\u00e4chenplan, Ortsvergleich, Projekteintrag, Nachweise Geb\u00e4udegrundfl\u00e4chen, Grobabsteckung Aushub Baugrube und Schnurger\u00fcste, Absteckung Verbau, Projektabsteckung, Feinabsteckung, Bescheinigung f\u00fcr Bauaufsichtsbeh\u00f6rde, H\u00f6henantrag f\u00fcr die Bauausf\u00fchrung, Abstecken Bauachsen, Achs\u00fcbertragungen, Achsabsteckung, Antragen Meterrisse - Vermessungsb\u00fcro Frankfurt am Main","og_url":"https:\/\/www.seegerundkollegen.de\/cms\/leistungen\/entwurfs-bauvermessung-leistungen-vermessungsbuero\/","og_site_name":"Vermessungsb\u00fcro Seeger und Kollegen","article_modified_time":"2023-03-05T21:24:26+00:00","og_image":[{"url":"https:\/\/www.seegerundkollegen.de\/pics\/entw1_sm.jpg","type":"","width":"","height":""}],"twitter_card":"summary_large_image","twitter_misc":{"Gesch\u00e4tzte Lesezeit":"2\u00a0Minuten"},"schema":{"@context":"https:\/\/schema.org","@graph":[{"@type":"WebPage","@id":"https:\/\/www.seegerundkollegen.de\/cms\/leistungen\/entwurfs-bauvermessung-leistungen-vermessungsbuero\/","url":"https:\/\/www.seegerundkollegen.de\/cms\/leistungen\/entwurfs-bauvermessung-leistungen-vermessungsbuero\/","name":"Entwurfs- \/ Bauvermessung Leistungen - Vermessungsb\u00fcro Seeger und Kollegen","isPartOf":{"@id":"https:\/\/www.seegerundkollegen.de\/cms\/#website"},"primaryImageOfPage":{"@id":"https:\/\/www.seegerundkollegen.de\/cms\/leistungen\/entwurfs-bauvermessung-leistungen-vermessungsbuero\/#primaryimage"},"image":{"@id":"https:\/\/www.seegerundkollegen.de\/cms\/leistungen\/entwurfs-bauvermessung-leistungen-vermessungsbuero\/#primaryimage"},"thumbnailUrl":"https:\/\/www.seegerundkollegen.de\/pics\/entw1_sm.jpg","datePublished":"2017-12-06T01:23:29+00:00","dateModified":"2023-03-05T21:24:26+00:00","description":"Entwurfsvermessung Bauvermessung Leistungen: Bestandsplan, Aufma\u00df, Ma\u00dfermittlung, Digitales Gel\u00e4ndemodell DGM, Erdmassenermittlung, Gel\u00e4ndeschnitte, H\u00f6henbestimmung Dach First Traufe, Liegenschaftsplan \/ Lageplan zum Bauantrag, Abstandsfl\u00e4chenplan, Ortsvergleich, Projekteintrag, Nachweise Geb\u00e4udegrundfl\u00e4chen, Grobabsteckung Aushub Baugrube und Schnurger\u00fcste, Absteckung Verbau, Projektabsteckung, Feinabsteckung, Bescheinigung f\u00fcr Bauaufsichtsbeh\u00f6rde, H\u00f6henantrag f\u00fcr die Bauausf\u00fchrung, Abstecken Bauachsen, Achs\u00fcbertragungen, Achsabsteckung, Antragen Meterrisse - Vermessungsb\u00fcro Frankfurt am Main","breadcrumb":{"@id":"https:\/\/www.seegerundkollegen.de\/cms\/leistungen\/entwurfs-bauvermessung-leistungen-vermessungsbuero\/#breadcrumb"},"inLanguage":"de","potentialAction":[{"@type":"ReadAction","target":["https:\/\/www.seegerundkollegen.de\/cms\/leistungen\/entwurfs-bauvermessung-leistungen-vermessungsbuero\/"]}]},{"@type":"ImageObject","inLanguage":"de","@id":"https:\/\/www.seegerundkollegen.de\/cms\/leistungen\/entwurfs-bauvermessung-leistungen-vermessungsbuero\/#primaryimage","url":"https:\/\/www.seegerundkollegen.de\/pics\/entw1_sm.jpg","contentUrl":"https:\/\/www.seegerundkollegen.de\/pics\/entw1_sm.jpg"},{"@type":"BreadcrumbList","@id":"https:\/\/www.seegerundkollegen.de\/cms\/leistungen\/entwurfs-bauvermessung-leistungen-vermessungsbuero\/#breadcrumb","itemListElement":[{"@type":"ListItem","position":1,"name":"Startseite","item":"https:\/\/www.seegerundkollegen.de\/cms\/"},{"@type":"ListItem","position":2,"name":"Leistungen *FOR MENU ONLY*","item":"https:\/\/www.seegerundkollegen.de\/cms\/leistungen\/"},{"@type":"ListItem","position":3,"name":"Entwurfs- \/ Bauvermessung"}]},{"@type":"WebSite","@id":"https:\/\/www.seegerundkollegen.de\/cms\/#website","url":"https:\/\/www.seegerundkollegen.de\/cms\/","name":"Vermessungsb\u00fcro Seeger und Kollegen","description":"\u00d6ffentlich bestellte Vermessungsingenieure, Beratende Ingenieure","publisher":{"@id":"https:\/\/www.seegerundkollegen.de\/cms\/#organization"},"potentialAction":[{"@type":"SearchAction","target":{"@type":"EntryPoint","urlTemplate":"https:\/\/www.seegerundkollegen.de\/cms\/?s={search_term_string}"},"query-input":{"@type":"PropertyValueSpecification","valueRequired":true,"valueName":"search_term_string"}}],"inLanguage":"de"},{"@type":"Organization","@id":"https:\/\/www.seegerundkollegen.de\/cms\/#organization","name":"Vermessungsb\u00fcro Seeger und Kollegen","url":"https:\/\/www.seegerundkollegen.de\/cms\/","logo":{"@type":"ImageObject","inLanguage":"de","@id":"https:\/\/www.seegerundkollegen.de\/cms\/#\/schema\/logo\/image\/","url":"https:\/\/www.seegerundkollegen.de\/cms\/wp-content\/uploads\/2018\/01\/suk_logo4divi_draft2.png","contentUrl":"https:\/\/www.seegerundkollegen.de\/cms\/wp-content\/uploads\/2018\/01\/suk_logo4divi_draft2.png","width":320,"height":90,"caption":"Vermessungsb\u00fcro Seeger und Kollegen"},"image":{"@id":"https:\/\/www.seegerundkollegen.de\/cms\/#\/schema\/logo\/image\/"}}]}},"_links":{"self":[{"href":"https:\/\/www.seegerundkollegen.de\/cms\/wp-json\/wp\/v2\/pages\/46668","targetHints":{"allow":["GET"]}}],"collection":[{"href":"https:\/\/www.seegerundkollegen.de\/cms\/wp-json\/wp\/v2\/pages"}],"about":[{"href":"https:\/\/www.seegerundkollegen.de\/cms\/wp-json\/wp\/v2\/types\/page"}],"author":[{"embeddable":true,"href":"https:\/\/www.seegerundkollegen.de\/cms\/wp-json\/wp\/v2\/users\/1"}],"replies":[{"embeddable":true,"href":"https:\/\/www.seegerundkollegen.de\/cms\/wp-json\/wp\/v2\/comments?post=46668"}],"version-history":[{"count":15,"href":"https:\/\/www.seegerundkollegen.de\/cms\/wp-json\/wp\/v2\/pages\/46668\/revisions"}],"predecessor-version":[{"id":48925,"href":"https:\/\/www.seegerundkollegen.de\/cms\/wp-json\/wp\/v2\/pages\/46668\/revisions\/48925"}],"up":[{"embeddable":true,"href":"https:\/\/www.seegerundkollegen.de\/cms\/wp-json\/wp\/v2\/pages\/46536"}],"wp:attachment":[{"href":"https:\/\/www.seegerundkollegen.de\/cms\/wp-json\/wp\/v2\/media?parent=46668"}],"curies":[{"name":"wp","href":"https:\/\/api.w.org\/{rel}","templated":true}]}}