{"id":46607,"date":"2017-10-25T02:20:55","date_gmt":"2017-10-25T00:20:55","guid":{"rendered":"http:\/\/divitest2.mediatects.de\/?page_id=46607"},"modified":"2023-03-05T22:28:56","modified_gmt":"2023-03-05T21:28:56","slug":"grundstuecksvermessung-katastervermessung-leistungen-vermessungsbuero","status":"publish","type":"page","link":"https:\/\/www.seegerundkollegen.de\/cms\/leistungen\/grundstuecksvermessung-katastervermessung-leistungen-vermessungsbuero\/","title":{"rendered":"Grund\u00adst\u00fccks- \/ Katastervermessung"},"content":{"rendered":"<p>[et_\u200bpb_\u200bsection fb_built=\u201c1\u2033 fullwidth=\u201con\u201c admin_label=\u201cPage Header\u201c _builder_version=\u201c4.16\u2033 background_image=\u201chttps:\/\/www.seegerundkollegen.de\/cms\/wp-content\/uploads\/2018\/03\/wohngebiet_vermessung_seeger_blaurock_frankfurt_main.jpg\u201c parallax=\u201con\u201c animation_direction=\u201ctop\u201c global_colors_info=\u201c{}\u201c][et_pb_fullwidth_header title=\u201cGrundst\u00fccks- \/ Katas\u00adter\u00adver\u00admes\u00adsung\u201c text_orientation=\u201ccenter\u201c image_orientation=\u201cbottom\u201c admin_label=\u201cHero Section\u201c _builder_version=\u201c4.16\u2033 title_font=\u201c|700|||||||\u201c title_font_size=\u201c50px\u201c title_line_height=\u201c1.4em\u201c content_font_size=\u201c22px\u201c content_line_height=\u201c1.8em\u201c subhead_\u200bfont=\u201c||||\u201c background_color=\u201crgba(255, 255, 255, 0)\u201c use_background_color_gradient=\u201con\u201c background_color_gradient_stops=\u201crgba(58,52,226,0.93) 0%|rgba(73,108,220,0.7) 100%\u201c background_color_gradient_start=\u201crgba(58,52,226,0.93)\u201c background_color_gradient_end=\u201crgba(73,108,220,0.7)\u201c background_size=\u201cinitial\u201c background_position=\u201ctop_left\u201c background_repeat=\u201crepeat\u201c custom_button_one=\u201con\u201c button_one_text_size=\u201c16px\u201c button_one_bg_color=\u201c#6eba01\u2033 button_one_border_color=\u201c#6eba01\u2033 button_one_border_radius=\u201c0\u2033 button_one_letter_spacing=\u201c2\u2033 button_one_font=\u201cMontserrat|||on|\u201c button_one_use_icon=\u201coff\u201c custom_button_two=\u201con\u201c button_two_text_size=\u201c16px\u201c button_two_border_color=\u201c#ffffff\u201c button_two_border_radius=\u201c0\u2033 button_two_letter_spacing=\u201c2\u2033 button_two_font=\u201cMontserrat|||on|\u201c button_two_use_icon=\u201coff\u201c module_alignment=\u201cleft\u201c animation_style=\u201cfade\u201c title_font_size_tablet=\u201c40px\u201c title_font_size_phone=\u201c30px\u201c title_font_size_last_edited=\u201con|phone\u201c title_text_shadow_style=\u201cpreset2\u2033 button_one_text_color_hover=\u201c#6eba01\u2033 button_two_text_color_hover=\u201c#6eba01\u2033 button_one_border_color_hover=\u201c#ffffff\u201c button_two_border_color_hover=\u201c#ffffff\u201c button_one_border_radius_hover=\u201c0\u2033 button_two_border_radius_hover=\u201c0\u2033 button_one_letter_spacing_hover=\u201c2\u2033 button_two_letter_spacing_hover=\u201c2\u2033 button_one_bg_color_hover=\u201c#ffffff\u201c button_two_bg_color_hover=\u201c#ffffff\u201c global_\u200bcolors_\u200binfo=\u201c{}\u201c button_one_text_size__hover_enabled=\u201coff\u201c button_two_text_size__hover_enabled=\u201coff\u201c button_one_text_color__hover_enabled=\u201con\u201c button_one_text_color__hover=\u201c#6eba01\u2033 button_two_text_color__hover_enabled=\u201con\u201c button_two_text_color__hover=\u201c#6eba01\u2033 button_one_border_width__hover_enabled=\u201coff\u201c button_two_border_width__hover_enabled=\u201coff\u201c button_one_border_color__hover_enabled=\u201con\u201c button_one_border_color__hover=\u201c#ffffff\u201c button_two_border_color__hover_enabled=\u201con\u201c button_two_border_color__hover=\u201c#ffffff\u201c button_one_border_radius__hover_enabled=\u201con\u201c button_one_border_radius__hover=\u201c0\u2033 button_two_border_radius__hover_enabled=\u201con\u201c button_two_border_radius__hover=\u201c0\u2033 button_one_letter_spacing__hover_enabled=\u201con\u201c button_one_letter_spacing__hover=\u201c2\u2033 button_two_letter_spacing__hover_enabled=\u201con\u201c button_two_letter_spacing__hover=\u201c2\u2033 button_one_bg_color__hover_enabled=\u201con\u201c button_one_bg_color__hover=\u201c#ffffff\u201c button_two_bg_color__hover_enabled=\u201con\u201c button_two_bg_color__hover=\u201c#ffffff\u201c][\/et_pb_fullwidth_header][\/et_pb_section][et_pb_section fb_built=\u201c1\u2033 _builder_version=\u201c4.16\u2033 global_colors_info=\u201c{}\u201c][et_pb_row column_structure=\u201c1_3,2_3\u2033 _builder_version=\u201c4.16\u2033 background_size=\u201cinitial\u201c background_position=\u201ctop_left\u201c background_repeat=\u201crepeat\u201c global_colors_info=\u201c{}\u201c][et_pb_column type=\u201c1_3\u2033 _builder_version=\u201c4.16\u2033 custom_\u200bpadding=\u201c|||\u201c global_\u200bcolors_\u200binfo=\u201c{}\u201c custom_padding__hover=\u201c|||\u201c][et_pb_sidebar area=\u201cet_pb_widget_area_5\u2033 _builder_version=\u201c4.16\u2033 global_colors_info=\u201c{}\u201c][\/et_pb_sidebar][\/et_pb_column][et_pb_column type=\u201c2_3\u2033 _builder_version=\u201c4.16\u2033 custom_\u200bpadding=\u201c|||\u201c global_\u200bcolors_\u200binfo=\u201c{}\u201c custom_padding__hover=\u201c|||\u201c][et_pb_text _builder_version=\u201c4.16\u2033 global_colors_info=\u201c{}\u201c]<\/p>\n<div class=\"et_post_gallery\">\n<p>Die Stand\u00adort\u00adre\u00addu\u00adzie\u00adrung der hessi\u00adschen Katas\u00adter\u00ad\u00e4mter auf insge\u00adsamt sieben Boden\u00adma\u00adnage\u00adment\u00adbe\u00adh\u00f6rden (Limburg integriert u. a. die Katas\u00adter\u00ad\u00e4mter Frank\u00adfurt, Bad Homburg und Hofheim) hat dazu gef\u00fchrt, dass eine fl\u00e4chen\u00adhafte Versor\u00adgung mit Katas\u00adter\u00adver\u00admes\u00adsungen und Katas\u00adter\u00adleis\u00adtungen in Hessen verst\u00e4rkt durch die \u00f6ffent\u00adlich bestellten Vermes\u00adsungs\u00adin\u00adge\u00adnieure erfolgt. Unser B\u00fcro tr\u00e4gt hierzu vor allem im Rhein-Main-Gebiet bei.&nbsp;<\/p>\n<ul class=\"et_post_gallery_center clearfix\">\n<li class=\"et_gallery_item et_pb_gallery_image\">\n<a title=\"Grundst\u00fccksteilung, Katastervermessung\" href=\"https:\/\/www.seegerundkollegen.de\/pics\/kataster1.jpg\"><br>\n<span class=\"et_portfolio_image\"><br>\n<img loading=\"lazy\" decoding=\"async\" class=\"thumb5\" src=\"https:\/\/www.seegerundkollegen.de\/pics\/kataster1_sm.jpg\" width=\"100\" height=\"100\" border=\"0\"><br>\n<\/span><br>\n<\/a>\n<\/li>\n<li class=\"et_gallery_item et_pb_gallery_image\">\n<a title=\"Grenzfestlegung, Grenzeinmessung\" href=\"https:\/\/www.seegerundkollegen.de\/pics\/kataster3.jpg\"><br>\n<span class=\"et_portfolio_image\"><br>\n<img loading=\"lazy\" decoding=\"async\" class=\"thumb5\" src=\"https:\/\/www.seegerundkollegen.de\/pics\/kataster3_sm.jpg\" width=\"100\" height=\"100\" border=\"0\"><br>\n<\/span><br>\n<\/a>\n<\/li>\n<li class=\"et_gallery_item et_pb_gallery_image\">\n<a title=\"Lageplan zum Bauantrag, Geb\u00e4udeeinmessung\" href=\"https:\/\/www.seegerundkollegen.de\/pics\/kataster2.jpg\"><br>\n<span class=\"et_portfolio_image\"><br>\n<img loading=\"lazy\" decoding=\"async\" class=\"thumb5\" src=\"https:\/\/www.seegerundkollegen.de\/pics\/kataster2_sm.jpg\" width=\"100\" height=\"100\" border=\"0\"><br>\n<\/span><br>\n<\/a>\n<\/li>\n<li class=\"et_gallery_item et_pb_gallery_image\">\n<a title=\"Grenzpunkt, Grenzfeststellung, Grundst\u00fccksgrenze\" href=\"https:\/\/www.seegerundkollegen.de\/pics\/kataster4.jpg\"><br>\n<span class=\"et_portfolio_image\"><br>\n<img loading=\"lazy\" decoding=\"async\" class=\"thumb5\" src=\"https:\/\/www.seegerundkollegen.de\/pics\/kataster4_sm.jpg\" width=\"100\" height=\"100\" border=\"0\"><br>\n<\/span><br>\n<\/a>\n<\/li>\n<li class=\"et_gallery_item et_pb_gallery_image\">\n<a title=\"Stra\u00dfenvermessung, Stra\u00dfenabsteckung\" href=\"https:\/\/www.seegerundkollegen.de\/pics\/kataster5.jpg\"><br>\n<span class=\"et_portfolio_image\"><br>\n<img loading=\"lazy\" decoding=\"async\" class=\"thumb5\" src=\"https:\/\/www.seegerundkollegen.de\/pics\/kataster5_sm.JPG\" width=\"100\" height=\"100\" border=\"0\"><br>\n<\/span><br>\n<\/a>\n<\/li>\n<\/ul>\n<p>Die Seiten dieser Rubrik enthalten Infor\u00adma\u00adtionen zu den wichtigsten <strong>Themen im Bereich Grund\u00adst\u00fccks\u00adver\u00admes\u00adsung und Katas\u00adter\u00adver\u00admes\u00adsung<\/strong>.<\/p>\n<\/div>\n<p>[\/et_pb_text][et_pb_divider show_divider=\u201coff\u201c _builder_version=\u201c4.16\u2033 height=\u201c42px\u201c global_colors_info=\u201c{}\u201c][\/et_pb_divider][et_pb_blog posts_number=\u201c20\u2033 include_categories=\u201c4\u2033 meta_date=\u201cd. F&nbsp;Y\u201c show_more=\u201con\u201c show_author=\u201coff\u201c show_date=\u201coff\u201c show_categories=\u201coff\u201c show_pagination=\u201coff\u201c _builder_version=\u201c4.16\u2033 pagination_font_size_tablet=\u201c51\u2033 pagination_line_height_tablet=\u201c2\u2033 global_colors_info=\u201c{}\u201c][\/et_pb_blog][et_pb_image src=\u201chttps:\/\/www.seegerundkollegen.de\/cms\/wp-content\/uploads\/2023\/03\/spacer.gif\u201c title_text=\u201cspacer\u201c show_in_lightbox=\u201con\u201c _builder_version=\u201c4.19.5\u2033 _module_preset=\u201cdefault\u201c global_\u200bcolors_\u200binfo=\u201c{}\u201c theme_builder_area=\u201cpost_content\u201c][\/et_pb_image][\/et_pb_column][\/et_pb_row][\/et_pb_section]<\/p>\n","protected":false},"excerpt":{"rendered":"<p>Die Stand\u00adort\u00adre\u00addu\u00adzie\u00adrung der hessi\u00adschen Katas\u00adter\u00ad\u00e4mter auf insge\u00adsamt sieben Boden\u00adma\u00adnage\u00adment\u00adbe\u00adh\u00f6rden (Limburg integriert u. a. die Katas\u00adter\u00ad\u00e4mter Frank\u00adfurt, Bad Homburg und Hofheim) hat dazu gef\u00fchrt, dass eine fl\u00e4chen\u00adhafte Versor\u00adgung mit Katas\u00adter\u00adver\u00admes\u00adsungen und Katas\u00adter\u00adleis\u00adtungen in Hessen verst\u00e4rkt durch die \u00f6ffent\u00adlich bestellten Vermes\u00adsungs\u00adin\u00adge\u00adnieure erfolgt. Unser B\u00fcro tr\u00e4gt hierzu vor allem im Rhein-Main-Gebiet bei. Die Seiten dieser Rubrik enthalten Informationen&nbsp;[\u2026]<\/p>\n","protected":false},"author":1,"featured_media":0,"parent":46536,"menu_order":0,"comment_status":"closed","ping_status":"closed","template":"","meta":{"_et_pb_use_builder":"on","_et_pb_old_content":"","_et_gb_content_width":"","wp_typography_post_enhancements_disabled":false,"footnotes":""},"class_list":["post-46607","page","type-page","status-publish","hentry"],"yoast_head":"<!-- This site is optimized with the Yoast SEO plugin v27.0 - https:\/\/yoast.com\/product\/yoast-seo-wordpress\/ -->\n<title>Grundst\u00fccks- \/ Katastervermessung Leistungen - Vermessungsb\u00fcro Seeger und Kollegen<\/title>\n<meta name=\"description\" content=\"Grundst\u00fccksvermessung Katastervermessung Leistungen: Grenzfestlegung f\u00fcr Grundst\u00fccksteilung, Grenzuntersuchung, Grenzfeststellung, Abmarkung, Setzen Grenzmarke, Grenzstein - Vermessungsb\u00fcro Frankfurt am Main\" \/>\n<meta name=\"robots\" content=\"index, follow, max-snippet:-1, max-image-preview:large, max-video-preview:-1\" \/>\n<link rel=\"canonical\" href=\"https:\/\/www.seegerundkollegen.de\/cms\/leistungen\/grundstuecksvermessung-katastervermessung-leistungen-vermessungsbuero\/\" \/>\n<meta property=\"og:locale\" content=\"de_DE\" \/>\n<meta property=\"og:type\" content=\"article\" \/>\n<meta property=\"og:title\" content=\"Grundst\u00fccks- \/ Katastervermessung Leistungen - Vermessungsb\u00fcro Seeger und Kollegen\" \/>\n<meta property=\"og:description\" content=\"Grundst\u00fccksvermessung Katastervermessung Leistungen: Grenzfestlegung f\u00fcr Grundst\u00fccksteilung, Grenzuntersuchung, Grenzfeststellung, Abmarkung, Setzen Grenzmarke, Grenzstein - Vermessungsb\u00fcro Frankfurt am Main\" \/>\n<meta property=\"og:url\" content=\"https:\/\/www.seegerundkollegen.de\/cms\/leistungen\/grundstuecksvermessung-katastervermessung-leistungen-vermessungsbuero\/\" \/>\n<meta property=\"og:site_name\" content=\"Vermessungsb\u00fcro Seeger und Kollegen\" \/>\n<meta property=\"article:modified_time\" content=\"2023-03-05T21:28:56+00:00\" \/>\n<meta property=\"og:image\" content=\"https:\/\/www.seegerundkollegen.de\/pics\/kataster1_sm.jpg\" \/>\n<meta name=\"twitter:card\" content=\"summary_large_image\" \/>\n<meta name=\"twitter:label1\" content=\"Gesch\u00e4tzte Lesezeit\" \/>\n\t<meta name=\"twitter:data1\" content=\"3\u00a0Minuten\" \/>\n<script type=\"application\/ld+json\" class=\"yoast-schema-graph\">{\"@context\":\"https:\/\/schema.org\",\"@graph\":[{\"@type\":\"WebPage\",\"@id\":\"https:\/\/www.seegerundkollegen.de\/cms\/leistungen\/grundstuecksvermessung-katastervermessung-leistungen-vermessungsbuero\/\",\"url\":\"https:\/\/www.seegerundkollegen.de\/cms\/leistungen\/grundstuecksvermessung-katastervermessung-leistungen-vermessungsbuero\/\",\"name\":\"Grundst\u00fccks- \/ Katastervermessung Leistungen - Vermessungsb\u00fcro Seeger und Kollegen\",\"isPartOf\":{\"@id\":\"https:\/\/www.seegerundkollegen.de\/cms\/#website\"},\"primaryImageOfPage\":{\"@id\":\"https:\/\/www.seegerundkollegen.de\/cms\/leistungen\/grundstuecksvermessung-katastervermessung-leistungen-vermessungsbuero\/#primaryimage\"},\"image\":{\"@id\":\"https:\/\/www.seegerundkollegen.de\/cms\/leistungen\/grundstuecksvermessung-katastervermessung-leistungen-vermessungsbuero\/#primaryimage\"},\"thumbnailUrl\":\"https:\/\/www.seegerundkollegen.de\/pics\/kataster1_sm.jpg\",\"datePublished\":\"2017-10-25T00:20:55+00:00\",\"dateModified\":\"2023-03-05T21:28:56+00:00\",\"description\":\"Grundst\u00fccksvermessung Katastervermessung Leistungen: Grenzfestlegung f\u00fcr Grundst\u00fccksteilung, Grenzuntersuchung, Grenzfeststellung, Abmarkung, Setzen Grenzmarke, Grenzstein - Vermessungsb\u00fcro Frankfurt am Main\",\"breadcrumb\":{\"@id\":\"https:\/\/www.seegerundkollegen.de\/cms\/leistungen\/grundstuecksvermessung-katastervermessung-leistungen-vermessungsbuero\/#breadcrumb\"},\"inLanguage\":\"de\",\"potentialAction\":[{\"@type\":\"ReadAction\",\"target\":[\"https:\/\/www.seegerundkollegen.de\/cms\/leistungen\/grundstuecksvermessung-katastervermessung-leistungen-vermessungsbuero\/\"]}]},{\"@type\":\"ImageObject\",\"inLanguage\":\"de\",\"@id\":\"https:\/\/www.seegerundkollegen.de\/cms\/leistungen\/grundstuecksvermessung-katastervermessung-leistungen-vermessungsbuero\/#primaryimage\",\"url\":\"https:\/\/www.seegerundkollegen.de\/pics\/kataster1_sm.jpg\",\"contentUrl\":\"https:\/\/www.seegerundkollegen.de\/pics\/kataster1_sm.jpg\"},{\"@type\":\"BreadcrumbList\",\"@id\":\"https:\/\/www.seegerundkollegen.de\/cms\/leistungen\/grundstuecksvermessung-katastervermessung-leistungen-vermessungsbuero\/#breadcrumb\",\"itemListElement\":[{\"@type\":\"ListItem\",\"position\":1,\"name\":\"Startseite\",\"item\":\"https:\/\/www.seegerundkollegen.de\/cms\/\"},{\"@type\":\"ListItem\",\"position\":2,\"name\":\"Leistungen *FOR MENU ONLY*\",\"item\":\"https:\/\/www.seegerundkollegen.de\/cms\/leistungen\/\"},{\"@type\":\"ListItem\",\"position\":3,\"name\":\"Grundst\u00fccks- \/ Katastervermessung\"}]},{\"@type\":\"WebSite\",\"@id\":\"https:\/\/www.seegerundkollegen.de\/cms\/#website\",\"url\":\"https:\/\/www.seegerundkollegen.de\/cms\/\",\"name\":\"Vermessungsb\u00fcro Seeger und Kollegen\",\"description\":\"\u00d6ffentlich bestellte Vermessungsingenieure, Beratende Ingenieure\",\"publisher\":{\"@id\":\"https:\/\/www.seegerundkollegen.de\/cms\/#organization\"},\"potentialAction\":[{\"@type\":\"SearchAction\",\"target\":{\"@type\":\"EntryPoint\",\"urlTemplate\":\"https:\/\/www.seegerundkollegen.de\/cms\/?s={search_term_string}\"},\"query-input\":{\"@type\":\"PropertyValueSpecification\",\"valueRequired\":true,\"valueName\":\"search_term_string\"}}],\"inLanguage\":\"de\"},{\"@type\":\"Organization\",\"@id\":\"https:\/\/www.seegerundkollegen.de\/cms\/#organization\",\"name\":\"Vermessungsb\u00fcro Seeger und Kollegen\",\"url\":\"https:\/\/www.seegerundkollegen.de\/cms\/\",\"logo\":{\"@type\":\"ImageObject\",\"inLanguage\":\"de\",\"@id\":\"https:\/\/www.seegerundkollegen.de\/cms\/#\/schema\/logo\/image\/\",\"url\":\"https:\/\/www.seegerundkollegen.de\/cms\/wp-content\/uploads\/2018\/01\/suk_logo4divi_draft2.png\",\"contentUrl\":\"https:\/\/www.seegerundkollegen.de\/cms\/wp-content\/uploads\/2018\/01\/suk_logo4divi_draft2.png\",\"width\":320,\"height\":90,\"caption\":\"Vermessungsb\u00fcro Seeger und Kollegen\"},\"image\":{\"@id\":\"https:\/\/www.seegerundkollegen.de\/cms\/#\/schema\/logo\/image\/\"}}]}<\/script>\n<!-- \/ Yoast SEO plugin. -->","yoast_head_json":{"title":"Grundst\u00fccks- \/ Katastervermessung Leistungen - Vermessungsb\u00fcro Seeger und Kollegen","description":"Grundst\u00fccksvermessung Katastervermessung Leistungen: Grenzfestlegung f\u00fcr Grundst\u00fccksteilung, Grenzuntersuchung, Grenzfeststellung, Abmarkung, Setzen Grenzmarke, Grenzstein - Vermessungsb\u00fcro Frankfurt am Main","robots":{"index":"index","follow":"follow","max-snippet":"max-snippet:-1","max-image-preview":"max-image-preview:large","max-video-preview":"max-video-preview:-1"},"canonical":"https:\/\/www.seegerundkollegen.de\/cms\/leistungen\/grundstuecksvermessung-katastervermessung-leistungen-vermessungsbuero\/","og_locale":"de_DE","og_type":"article","og_title":"Grundst\u00fccks- \/ Katastervermessung Leistungen - Vermessungsb\u00fcro Seeger und Kollegen","og_description":"Grundst\u00fccksvermessung Katastervermessung Leistungen: Grenzfestlegung f\u00fcr Grundst\u00fccksteilung, Grenzuntersuchung, Grenzfeststellung, Abmarkung, Setzen Grenzmarke, Grenzstein - Vermessungsb\u00fcro Frankfurt am Main","og_url":"https:\/\/www.seegerundkollegen.de\/cms\/leistungen\/grundstuecksvermessung-katastervermessung-leistungen-vermessungsbuero\/","og_site_name":"Vermessungsb\u00fcro Seeger und Kollegen","article_modified_time":"2023-03-05T21:28:56+00:00","og_image":[{"url":"https:\/\/www.seegerundkollegen.de\/pics\/kataster1_sm.jpg","type":"","width":"","height":""}],"twitter_card":"summary_large_image","twitter_misc":{"Gesch\u00e4tzte Lesezeit":"3\u00a0Minuten"},"schema":{"@context":"https:\/\/schema.org","@graph":[{"@type":"WebPage","@id":"https:\/\/www.seegerundkollegen.de\/cms\/leistungen\/grundstuecksvermessung-katastervermessung-leistungen-vermessungsbuero\/","url":"https:\/\/www.seegerundkollegen.de\/cms\/leistungen\/grundstuecksvermessung-katastervermessung-leistungen-vermessungsbuero\/","name":"Grundst\u00fccks- \/ Katastervermessung Leistungen - Vermessungsb\u00fcro Seeger und Kollegen","isPartOf":{"@id":"https:\/\/www.seegerundkollegen.de\/cms\/#website"},"primaryImageOfPage":{"@id":"https:\/\/www.seegerundkollegen.de\/cms\/leistungen\/grundstuecksvermessung-katastervermessung-leistungen-vermessungsbuero\/#primaryimage"},"image":{"@id":"https:\/\/www.seegerundkollegen.de\/cms\/leistungen\/grundstuecksvermessung-katastervermessung-leistungen-vermessungsbuero\/#primaryimage"},"thumbnailUrl":"https:\/\/www.seegerundkollegen.de\/pics\/kataster1_sm.jpg","datePublished":"2017-10-25T00:20:55+00:00","dateModified":"2023-03-05T21:28:56+00:00","description":"Grundst\u00fccksvermessung Katastervermessung Leistungen: Grenzfestlegung f\u00fcr Grundst\u00fccksteilung, Grenzuntersuchung, Grenzfeststellung, Abmarkung, Setzen Grenzmarke, Grenzstein - Vermessungsb\u00fcro Frankfurt am Main","breadcrumb":{"@id":"https:\/\/www.seegerundkollegen.de\/cms\/leistungen\/grundstuecksvermessung-katastervermessung-leistungen-vermessungsbuero\/#breadcrumb"},"inLanguage":"de","potentialAction":[{"@type":"ReadAction","target":["https:\/\/www.seegerundkollegen.de\/cms\/leistungen\/grundstuecksvermessung-katastervermessung-leistungen-vermessungsbuero\/"]}]},{"@type":"ImageObject","inLanguage":"de","@id":"https:\/\/www.seegerundkollegen.de\/cms\/leistungen\/grundstuecksvermessung-katastervermessung-leistungen-vermessungsbuero\/#primaryimage","url":"https:\/\/www.seegerundkollegen.de\/pics\/kataster1_sm.jpg","contentUrl":"https:\/\/www.seegerundkollegen.de\/pics\/kataster1_sm.jpg"},{"@type":"BreadcrumbList","@id":"https:\/\/www.seegerundkollegen.de\/cms\/leistungen\/grundstuecksvermessung-katastervermessung-leistungen-vermessungsbuero\/#breadcrumb","itemListElement":[{"@type":"ListItem","position":1,"name":"Startseite","item":"https:\/\/www.seegerundkollegen.de\/cms\/"},{"@type":"ListItem","position":2,"name":"Leistungen *FOR MENU ONLY*","item":"https:\/\/www.seegerundkollegen.de\/cms\/leistungen\/"},{"@type":"ListItem","position":3,"name":"Grundst\u00fccks- \/ Katastervermessung"}]},{"@type":"WebSite","@id":"https:\/\/www.seegerundkollegen.de\/cms\/#website","url":"https:\/\/www.seegerundkollegen.de\/cms\/","name":"Vermessungsb\u00fcro Seeger und Kollegen","description":"\u00d6ffentlich bestellte Vermessungsingenieure, Beratende Ingenieure","publisher":{"@id":"https:\/\/www.seegerundkollegen.de\/cms\/#organization"},"potentialAction":[{"@type":"SearchAction","target":{"@type":"EntryPoint","urlTemplate":"https:\/\/www.seegerundkollegen.de\/cms\/?s={search_term_string}"},"query-input":{"@type":"PropertyValueSpecification","valueRequired":true,"valueName":"search_term_string"}}],"inLanguage":"de"},{"@type":"Organization","@id":"https:\/\/www.seegerundkollegen.de\/cms\/#organization","name":"Vermessungsb\u00fcro Seeger und Kollegen","url":"https:\/\/www.seegerundkollegen.de\/cms\/","logo":{"@type":"ImageObject","inLanguage":"de","@id":"https:\/\/www.seegerundkollegen.de\/cms\/#\/schema\/logo\/image\/","url":"https:\/\/www.seegerundkollegen.de\/cms\/wp-content\/uploads\/2018\/01\/suk_logo4divi_draft2.png","contentUrl":"https:\/\/www.seegerundkollegen.de\/cms\/wp-content\/uploads\/2018\/01\/suk_logo4divi_draft2.png","width":320,"height":90,"caption":"Vermessungsb\u00fcro Seeger und Kollegen"},"image":{"@id":"https:\/\/www.seegerundkollegen.de\/cms\/#\/schema\/logo\/image\/"}}]}},"_links":{"self":[{"href":"https:\/\/www.seegerundkollegen.de\/cms\/wp-json\/wp\/v2\/pages\/46607","targetHints":{"allow":["GET"]}}],"collection":[{"href":"https:\/\/www.seegerundkollegen.de\/cms\/wp-json\/wp\/v2\/pages"}],"about":[{"href":"https:\/\/www.seegerundkollegen.de\/cms\/wp-json\/wp\/v2\/types\/page"}],"author":[{"embeddable":true,"href":"https:\/\/www.seegerundkollegen.de\/cms\/wp-json\/wp\/v2\/users\/1"}],"replies":[{"embeddable":true,"href":"https:\/\/www.seegerundkollegen.de\/cms\/wp-json\/wp\/v2\/comments?post=46607"}],"version-history":[{"count":20,"href":"https:\/\/www.seegerundkollegen.de\/cms\/wp-json\/wp\/v2\/pages\/46607\/revisions"}],"predecessor-version":[{"id":48912,"href":"https:\/\/www.seegerundkollegen.de\/cms\/wp-json\/wp\/v2\/pages\/46607\/revisions\/48912"}],"up":[{"embeddable":true,"href":"https:\/\/www.seegerundkollegen.de\/cms\/wp-json\/wp\/v2\/pages\/46536"}],"wp:attachment":[{"href":"https:\/\/www.seegerundkollegen.de\/cms\/wp-json\/wp\/v2\/media?parent=46607"}],"curies":[{"name":"wp","href":"https:\/\/api.w.org\/{rel}","templated":true}]}}